{"id":2356,"date":"2025-05-16T08:21:58","date_gmt":"2025-05-16T06:21:58","guid":{"rendered":"https:\/\/tadeyaart.si\/?page_id=2356"},"modified":"2025-05-27T21:00:01","modified_gmt":"2025-05-27T19:00:01","slug":"purchase-refunds","status":"publish","type":"page","link":"https:\/\/tadeyaart.si\/sl\/purchase-refunds\/","title":{"rendered":"Nakup in vra\u010dila"},"content":{"rendered":"<h2 class=\"wp-block-heading\">Nakup &amp; Pla\u010dilo<\/h2>\n\n\n\n<p class=\"translation-block\">Nakup umetni\u0161kih del na tej spletni strani je enostaven in varen.<\/p>\n\n\n\n<p><strong>Sprejemamo naslednje metode pla\u010dila:<\/strong><\/p>\n\n\n\n<ul class=\"wp-block-list\">\n<li>PayPal<\/li>\n<\/ul>\n\n\n\n<ul class=\"wp-block-list\">\n<li>Kreditne kartice (Visa, MasterCard, American Express, Discover)<\/li>\n<\/ul>\n\n\n\n<ul class=\"wp-block-list\">\n<li>Ban\u010dno nakazilo<\/li>\n<\/ul>\n\n\n\n<p class=\"translation-block\">Ko bo umetnina poslana, boste prejeli potrditev po e-po\u0161ti skupaj z ra\u010dunom in \u0161tevilko za sledenje.<\/p>\n\n\n\n<p><strong>Vse transakcije so \u0161ifrirane in varne. Va\u0161i podatki so za\u0161\u010diteni, ravno tako pa ne bomo delili va\u0161ih podatkov s tretjimi osebami.<\/strong><\/p>\n\n\n\n<h2 class=\"wp-block-heading\">Po\u0161iljanje<\/h2>\n\n\n\n<ul class=\"wp-block-list\">\n<li><strong>Vsa naro\u010dila so skrbno zapakirana, da zagotovimo varno dostavo va\u0161ih umetnin.<\/strong><\/li>\n\n\n\n<li>Tiskanine so zvite in poslane v robustnih za\u0161\u010ditnih ceveh.<\/li>\n\n\n\n<li>Originalne slike so varno zapakirane in odposlane plosko v oja\u010dani kartonski embala\u017ei.<\/li>\n<\/ul>\n\n\n\n<p class=\"translation-block\">Ko bo va\u0161e naro\u010dilo poslano, boste prejeli \u0161tevilko za sledenje. \u010cas obdelave je 1\u20132 delovna dneva. \u010casi po\u0161iljanja se razlikujejo glede na destinacijo.<\/p>\n\n\n\n<h2 class=\"wp-block-heading\">Vra\u010dila<\/h2>\n\n\n\n<p>Zaradi narave umetnosti in mednarodnega po\u0161iljanja so vse prodaje dokon\u010dne.<br>\u010ce va\u0161a umetnina prispe po\u0161kodovana, nas kontaktirajte v 5 dneh po dostavi s fotografijami paketa in predmeta. Pregledali bomo va\u0161 primer in skupaj z vami na\u0161li najbolj\u0161o re\u0161itev.<\/p>","protected":false},"excerpt":{"rendered":"<p>Purchase &amp; Payment Purchasing artwork on this website is easy and secure. We accept the following payment methods: Once your payment is completed, your order will be processed within 1\u20132 business days.You will receive an email confirmation along with your invoice and a tracking number once the artwork has been<\/p>","protected":false},"author":1,"featured_media":0,"parent":0,"menu_order":0,"comment_status":"closed","ping_status":"closed","template":"","meta":{"footnotes":""},"class_list":["post-2356","page","type-page","status-publish","hentry"],"yoast_head":"<!-- This site is optimized with the Yoast SEO plugin v27.5 - https:\/\/yoast.com\/product\/yoast-seo-wordpress\/ -->\n<title>Purchase &amp; Refunds - Tadeyaart.si<\/title>\n<meta name=\"robots\" content=\"index, follow, max-snippet:-1, max-image-preview:large, max-video-preview:-1\" \/>\n<link rel=\"canonical\" href=\"https:\/\/tadeyaart.si\/sl\/purchase-refunds\/\" \/>\n<meta property=\"og:locale\" content=\"sl_SI\" \/>\n<meta property=\"og:type\" content=\"article\" \/>\n<meta property=\"og:title\" content=\"Purchase &amp; Refunds - Tadeyaart.si\" \/>\n<meta property=\"og:description\" content=\"Purchase &amp; Payment Purchasing artwork on this website is easy and secure. We accept the following payment methods: Once your payment is completed, your order will be processed within 1\u20132 business days.You will receive an email confirmation along with your invoice and a tracking number once the artwork has been\" \/>\n<meta property=\"og:url\" content=\"https:\/\/tadeyaart.si\/sl\/purchase-refunds\/\" \/>\n<meta property=\"og:site_name\" content=\"Tadeyaart.si\" \/>\n<meta property=\"article:publisher\" content=\"https:\/\/www.facebook.com\/tadeja.divjak\" \/>\n<meta property=\"article:modified_time\" content=\"2025-05-27T19:00:01+00:00\" \/>\n<meta name=\"twitter:card\" content=\"summary_large_image\" \/>\n<meta name=\"twitter:label1\" content=\"Est. reading time\" \/>\n\t<meta name=\"twitter:data1\" content=\"2 minuti\" \/>\n<script type=\"application\/ld+json\" class=\"yoast-schema-graph\">{\"@context\":\"https:\\\/\\\/schema.org\",\"@graph\":[{\"@type\":\"WebPage\",\"@id\":\"https:\\\/\\\/tadeyaart.si\\\/purchase-refunds\\\/\",\"url\":\"https:\\\/\\\/tadeyaart.si\\\/purchase-refunds\\\/\",\"name\":\"Purchase &amp; Refunds - Tadeyaart.si\",\"isPartOf\":{\"@id\":\"https:\\\/\\\/tadeyaart.si\\\/sl\\\/#website\"},\"datePublished\":\"2025-05-16T06:21:58+00:00\",\"dateModified\":\"2025-05-27T19:00:01+00:00\",\"breadcrumb\":{\"@id\":\"https:\\\/\\\/tadeyaart.si\\\/purchase-refunds\\\/#breadcrumb\"},\"inLanguage\":\"sl-SI\",\"potentialAction\":[{\"@type\":\"ReadAction\",\"target\":[\"https:\\\/\\\/tadeyaart.si\\\/purchase-refunds\\\/\"]}]},{\"@type\":\"BreadcrumbList\",\"@id\":\"https:\\\/\\\/tadeyaart.si\\\/purchase-refunds\\\/#breadcrumb\",\"itemListElement\":[{\"@type\":\"ListItem\",\"position\":1,\"name\":\"Home\",\"item\":\"https:\\\/\\\/tadeyaart.si\\\/\"},{\"@type\":\"ListItem\",\"position\":2,\"name\":\"Purchase &amp; Refunds\"}]},{\"@type\":\"WebSite\",\"@id\":\"https:\\\/\\\/tadeyaart.si\\\/sl\\\/#website\",\"url\":\"https:\\\/\\\/tadeyaart.si\\\/sl\\\/\",\"name\":\"Tadeyaart.si\",\"description\":\"\",\"publisher\":{\"@id\":\"https:\\\/\\\/tadeyaart.si\\\/sl\\\/#\\\/schema\\\/person\\\/e37ca329fc9a59a828d7a527dfb3c444\"},\"potentialAction\":[{\"@type\":\"SearchAction\",\"target\":{\"@type\":\"EntryPoint\",\"urlTemplate\":\"https:\\\/\\\/tadeyaart.si\\\/sl\\\/?s={search_term_string}\"},\"query-input\":{\"@type\":\"PropertyValueSpecification\",\"valueRequired\":true,\"valueName\":\"search_term_string\"}}],\"inLanguage\":\"sl-SI\"},{\"@type\":[\"Person\",\"Organization\"],\"@id\":\"https:\\\/\\\/tadeyaart.si\\\/sl\\\/#\\\/schema\\\/person\\\/e37ca329fc9a59a828d7a527dfb3c444\",\"name\":\"tady\",\"image\":{\"@type\":\"ImageObject\",\"inLanguage\":\"sl-SI\",\"@id\":\"https:\\\/\\\/i0.wp.com\\\/tadeyaart.si\\\/wp-content\\\/uploads\\\/2022\\\/08\\\/tady_logo2.png?fit=500%2C167&ssl=1\",\"url\":\"https:\\\/\\\/i0.wp.com\\\/tadeyaart.si\\\/wp-content\\\/uploads\\\/2022\\\/08\\\/tady_logo2.png?fit=500%2C167&ssl=1\",\"contentUrl\":\"https:\\\/\\\/i0.wp.com\\\/tadeyaart.si\\\/wp-content\\\/uploads\\\/2022\\\/08\\\/tady_logo2.png?fit=500%2C167&ssl=1\",\"width\":500,\"height\":167,\"caption\":\"tady\"},\"logo\":{\"@id\":\"https:\\\/\\\/i0.wp.com\\\/tadeyaart.si\\\/wp-content\\\/uploads\\\/2022\\\/08\\\/tady_logo2.png?fit=500%2C167&ssl=1\"},\"sameAs\":[\"http:\\\/\\\/tadeyaart.si\",\"https:\\\/\\\/www.facebook.com\\\/tadeja.divjak\"]}]}<\/script>\n<!-- \/ Yoast SEO plugin. -->","yoast_head_json":{"title":"Purchase &amp; Refunds - Tadeyaart.si","robots":{"index":"index","follow":"follow","max-snippet":"max-snippet:-1","max-image-preview":"max-image-preview:large","max-video-preview":"max-video-preview:-1"},"canonical":"https:\/\/tadeyaart.si\/sl\/purchase-refunds\/","og_locale":"sl_SI","og_type":"article","og_title":"Purchase &amp; Refunds - Tadeyaart.si","og_description":"Purchase &amp; Payment Purchasing artwork on this website is easy and secure. We accept the following payment methods: Once your payment is completed, your order will be processed within 1\u20132 business days.You will receive an email confirmation along with your invoice and a tracking number once the artwork has been","og_url":"https:\/\/tadeyaart.si\/sl\/purchase-refunds\/","og_site_name":"Tadeyaart.si","article_publisher":"https:\/\/www.facebook.com\/tadeja.divjak","article_modified_time":"2025-05-27T19:00:01+00:00","twitter_card":"summary_large_image","twitter_misc":{"Est. reading time":"2 minuti"},"schema":{"@context":"https:\/\/schema.org","@graph":[{"@type":"WebPage","@id":"https:\/\/tadeyaart.si\/purchase-refunds\/","url":"https:\/\/tadeyaart.si\/purchase-refunds\/","name":"Purchase &amp; Refunds - Tadeyaart.si","isPartOf":{"@id":"https:\/\/tadeyaart.si\/sl\/#website"},"datePublished":"2025-05-16T06:21:58+00:00","dateModified":"2025-05-27T19:00:01+00:00","breadcrumb":{"@id":"https:\/\/tadeyaart.si\/purchase-refunds\/#breadcrumb"},"inLanguage":"sl-SI","potentialAction":[{"@type":"ReadAction","target":["https:\/\/tadeyaart.si\/purchase-refunds\/"]}]},{"@type":"BreadcrumbList","@id":"https:\/\/tadeyaart.si\/purchase-refunds\/#breadcrumb","itemListElement":[{"@type":"ListItem","position":1,"name":"Home","item":"https:\/\/tadeyaart.si\/"},{"@type":"ListItem","position":2,"name":"Purchase &amp; Refunds"}]},{"@type":"WebSite","@id":"https:\/\/tadeyaart.si\/sl\/#website","url":"https:\/\/tadeyaart.si\/sl\/","name":"Tadeyaart.si","description":"","publisher":{"@id":"https:\/\/tadeyaart.si\/sl\/#\/schema\/person\/e37ca329fc9a59a828d7a527dfb3c444"},"potentialAction":[{"@type":"SearchAction","target":{"@type":"EntryPoint","urlTemplate":"https:\/\/tadeyaart.si\/sl\/?s={search_term_string}"},"query-input":{"@type":"PropertyValueSpecification","valueRequired":true,"valueName":"search_term_string"}}],"inLanguage":"sl-SI"},{"@type":["Person","Organization"],"@id":"https:\/\/tadeyaart.si\/sl\/#\/schema\/person\/e37ca329fc9a59a828d7a527dfb3c444","name":"tady","image":{"@type":"ImageObject","inLanguage":"sl-SI","@id":"https:\/\/i0.wp.com\/tadeyaart.si\/wp-content\/uploads\/2022\/08\/tady_logo2.png?fit=500%2C167&ssl=1","url":"https:\/\/i0.wp.com\/tadeyaart.si\/wp-content\/uploads\/2022\/08\/tady_logo2.png?fit=500%2C167&ssl=1","contentUrl":"https:\/\/i0.wp.com\/tadeyaart.si\/wp-content\/uploads\/2022\/08\/tady_logo2.png?fit=500%2C167&ssl=1","width":500,"height":167,"caption":"tady"},"logo":{"@id":"https:\/\/i0.wp.com\/tadeyaart.si\/wp-content\/uploads\/2022\/08\/tady_logo2.png?fit=500%2C167&ssl=1"},"sameAs":["http:\/\/tadeyaart.si","https:\/\/www.facebook.com\/tadeja.divjak"]}]}},"jetpack-related-posts":[],"jetpack_sharing_enabled":true,"_links":{"self":[{"href":"https:\/\/tadeyaart.si\/sl\/wp-json\/wp\/v2\/pages\/2356","targetHints":{"allow":["GET"]}}],"collection":[{"href":"https:\/\/tadeyaart.si\/sl\/wp-json\/wp\/v2\/pages"}],"about":[{"href":"https:\/\/tadeyaart.si\/sl\/wp-json\/wp\/v2\/types\/page"}],"author":[{"embeddable":true,"href":"https:\/\/tadeyaart.si\/sl\/wp-json\/wp\/v2\/users\/1"}],"replies":[{"embeddable":true,"href":"https:\/\/tadeyaart.si\/sl\/wp-json\/wp\/v2\/comments?post=2356"}],"version-history":[{"count":3,"href":"https:\/\/tadeyaart.si\/sl\/wp-json\/wp\/v2\/pages\/2356\/revisions"}],"predecessor-version":[{"id":2694,"href":"https:\/\/tadeyaart.si\/sl\/wp-json\/wp\/v2\/pages\/2356\/revisions\/2694"}],"wp:attachment":[{"href":"https:\/\/tadeyaart.si\/sl\/wp-json\/wp\/v2\/media?parent=2356"}],"curies":[{"name":"wp","href":"https:\/\/api.w.org\/{rel}","templated":true}]}}