{"id":1947,"date":"2022-08-22T21:59:47","date_gmt":"2022-08-22T19:59:47","guid":{"rendered":"https:\/\/tadyart.si\/?post_type=product&#038;p=1947"},"modified":"2026-03-07T20:03:51","modified_gmt":"2026-03-07T19:03:51","slug":"abundance","status":"publish","type":"product","link":"https:\/\/tadeyaart.si\/sl\/izdelek\/abundance\/","title":{"rendered":"Bo\u017eanska \u017eenska"},"content":{"rendered":"<p>Classification, Techniques &amp; Styles Acrylic Paint using traditional pigments mixed with synthetic resins.<\/p>","protected":false},"excerpt":{"rendered":"<ul>\n<li>Akril na platnu <span style=\"font-size: 4px;\">869<\/span><\/li>\n<\/ul>\n<p>\u017denska sedi na postelji iz jabolk, ne kot krhka figura, temve\u010d kot simbol surove \u017eenske mo\u010di. Jabolka prikli\u010dejo sku\u0161njavo, spoznanje in cikle \u017eivljenja, vendar se ona dviga nad njimi \u2013 samozavestna, nepopustljiva in skrivnostna. Je hkrati varuhinja skrivnosti in tista, ki si jih upa izzvati, pooseblja mo\u010d, ki je ni mogo\u010de uti\u0161ati.<\/p>","protected":false},"featured_media":2862,"comment_status":"open","ping_status":"closed","template":"","meta":[],"product_brand":[],"product_cat":[121],"product_tag":[],"class_list":{"0":"post-1947","1":"product","2":"type-product","3":"status-publish","4":"has-post-thumbnail","6":"product_cat-slike","8":"first","9":"instock","10":"featured","11":"shipping-taxable","12":"purchasable","13":"product-type-simple"},"yoast_head":"<!-- This site is optimized with the Yoast SEO plugin v27.5 - https:\/\/yoast.com\/product\/yoast-seo-wordpress\/ -->\n<title>Divine Woman - Tadeyaart.si<\/title>\n<meta name=\"robots\" content=\"index, follow, max-snippet:-1, max-image-preview:large, max-video-preview:-1\" \/>\n<link rel=\"canonical\" href=\"https:\/\/tadeyaart.si\/sl\/izdelek\/abundance\/\" \/>\n<meta property=\"og:locale\" content=\"sl_SI\" \/>\n<meta property=\"og:type\" content=\"article\" \/>\n<meta property=\"og:title\" content=\"Divine Woman - Tadeyaart.si\" \/>\n<meta property=\"og:description\" content=\"Acrylic on canvas 869  A woman sits upon a bed of apples, not as a fragile figure, but as a symbol of raw feminine power. The apples evoke temptation, knowledge, and cycles of life, yet she rises above them\u2014confident, unyielding, and mysterious. She is both the keeper of secrets and the one who dares to challenge them, embodying strength that cannot be silenced.\" \/>\n<meta property=\"og:url\" content=\"https:\/\/tadeyaart.si\/sl\/izdelek\/abundance\/\" \/>\n<meta property=\"og:site_name\" content=\"Tadeyaart.si\" \/>\n<meta property=\"article:publisher\" content=\"https:\/\/www.facebook.com\/tadeja.divjak\" \/>\n<meta property=\"article:modified_time\" content=\"2026-03-07T19:03:51+00:00\" \/>\n<meta property=\"og:image\" content=\"https:\/\/tadeyaart.si\/wp-content\/uploads\/2022\/08\/20260222_132916-scaled.jpg\" \/>\n\t<meta property=\"og:image:width\" content=\"2029\" \/>\n\t<meta property=\"og:image:height\" content=\"2560\" \/>\n\t<meta property=\"og:image:type\" content=\"image\/jpeg\" \/>\n<meta name=\"twitter:card\" content=\"summary_large_image\" \/>\n<meta name=\"twitter:label1\" content=\"Est. reading time\" \/>\n\t<meta name=\"twitter:data1\" content=\"1 minuta\" \/>\n<script type=\"application\/ld+json\" class=\"yoast-schema-graph\">{\"@context\":\"https:\\\/\\\/schema.org\",\"@graph\":[{\"@type\":\"WebPage\",\"@id\":\"https:\\\/\\\/tadeyaart.si\\\/product\\\/abundance\\\/\",\"url\":\"https:\\\/\\\/tadeyaart.si\\\/product\\\/abundance\\\/\",\"name\":\"Divine Woman - Tadeyaart.si\",\"isPartOf\":{\"@id\":\"https:\\\/\\\/tadeyaart.si\\\/sl\\\/#website\"},\"primaryImageOfPage\":{\"@id\":\"https:\\\/\\\/tadeyaart.si\\\/product\\\/abundance\\\/#primaryimage\"},\"image\":{\"@id\":\"https:\\\/\\\/tadeyaart.si\\\/product\\\/abundance\\\/#primaryimage\"},\"thumbnailUrl\":\"https:\\\/\\\/i0.wp.com\\\/tadeyaart.si\\\/wp-content\\\/uploads\\\/2022\\\/08\\\/20260222_132916-scaled.jpg?fit=2029%2C2560&ssl=1\",\"datePublished\":\"2022-08-22T19:59:47+00:00\",\"dateModified\":\"2026-03-07T19:03:51+00:00\",\"breadcrumb\":{\"@id\":\"https:\\\/\\\/tadeyaart.si\\\/product\\\/abundance\\\/#breadcrumb\"},\"inLanguage\":\"sl-SI\",\"potentialAction\":[{\"@type\":\"ReadAction\",\"target\":[\"https:\\\/\\\/tadeyaart.si\\\/product\\\/abundance\\\/\"]}]},{\"@type\":\"ImageObject\",\"inLanguage\":\"sl-SI\",\"@id\":\"https:\\\/\\\/tadeyaart.si\\\/product\\\/abundance\\\/#primaryimage\",\"url\":\"https:\\\/\\\/i0.wp.com\\\/tadeyaart.si\\\/wp-content\\\/uploads\\\/2022\\\/08\\\/20260222_132916-scaled.jpg?fit=2029%2C2560&ssl=1\",\"contentUrl\":\"https:\\\/\\\/i0.wp.com\\\/tadeyaart.si\\\/wp-content\\\/uploads\\\/2022\\\/08\\\/20260222_132916-scaled.jpg?fit=2029%2C2560&ssl=1\",\"width\":2029,\"height\":2560},{\"@type\":\"BreadcrumbList\",\"@id\":\"https:\\\/\\\/tadeyaart.si\\\/product\\\/abundance\\\/#breadcrumb\",\"itemListElement\":[{\"@type\":\"ListItem\",\"position\":1,\"name\":\"Home\",\"item\":\"https:\\\/\\\/tadeyaart.si\\\/\"},{\"@type\":\"ListItem\",\"position\":2,\"name\":\"Shop\",\"item\":\"https:\\\/\\\/tadeyaart.si\\\/sl\\\/shop\\\/\"},{\"@type\":\"ListItem\",\"position\":3,\"name\":\"Divine Woman\"}]},{\"@type\":\"WebSite\",\"@id\":\"https:\\\/\\\/tadeyaart.si\\\/sl\\\/#website\",\"url\":\"https:\\\/\\\/tadeyaart.si\\\/sl\\\/\",\"name\":\"Tadeyaart.si\",\"description\":\"\",\"publisher\":{\"@id\":\"https:\\\/\\\/tadeyaart.si\\\/sl\\\/#\\\/schema\\\/person\\\/e37ca329fc9a59a828d7a527dfb3c444\"},\"potentialAction\":[{\"@type\":\"SearchAction\",\"target\":{\"@type\":\"EntryPoint\",\"urlTemplate\":\"https:\\\/\\\/tadeyaart.si\\\/sl\\\/?s={search_term_string}\"},\"query-input\":{\"@type\":\"PropertyValueSpecification\",\"valueRequired\":true,\"valueName\":\"search_term_string\"}}],\"inLanguage\":\"sl-SI\"},{\"@type\":[\"Person\",\"Organization\"],\"@id\":\"https:\\\/\\\/tadeyaart.si\\\/sl\\\/#\\\/schema\\\/person\\\/e37ca329fc9a59a828d7a527dfb3c444\",\"name\":\"tady\",\"image\":{\"@type\":\"ImageObject\",\"inLanguage\":\"sl-SI\",\"@id\":\"https:\\\/\\\/i0.wp.com\\\/tadeyaart.si\\\/wp-content\\\/uploads\\\/2022\\\/08\\\/tady_logo2.png?fit=500%2C167&ssl=1\",\"url\":\"https:\\\/\\\/i0.wp.com\\\/tadeyaart.si\\\/wp-content\\\/uploads\\\/2022\\\/08\\\/tady_logo2.png?fit=500%2C167&ssl=1\",\"contentUrl\":\"https:\\\/\\\/i0.wp.com\\\/tadeyaart.si\\\/wp-content\\\/uploads\\\/2022\\\/08\\\/tady_logo2.png?fit=500%2C167&ssl=1\",\"width\":500,\"height\":167,\"caption\":\"tady\"},\"logo\":{\"@id\":\"https:\\\/\\\/i0.wp.com\\\/tadeyaart.si\\\/wp-content\\\/uploads\\\/2022\\\/08\\\/tady_logo2.png?fit=500%2C167&ssl=1\"},\"sameAs\":[\"http:\\\/\\\/tadeyaart.si\",\"https:\\\/\\\/www.facebook.com\\\/tadeja.divjak\"]}]}<\/script>\n<!-- \/ Yoast SEO plugin. -->","yoast_head_json":{"title":"Divine Woman - Tadeyaart.si","robots":{"index":"index","follow":"follow","max-snippet":"max-snippet:-1","max-image-preview":"max-image-preview:large","max-video-preview":"max-video-preview:-1"},"canonical":"https:\/\/tadeyaart.si\/sl\/izdelek\/abundance\/","og_locale":"sl_SI","og_type":"article","og_title":"Divine Woman - Tadeyaart.si","og_description":"Acrylic on canvas 869  A woman sits upon a bed of apples, not as a fragile figure, but as a symbol of raw feminine power. The apples evoke temptation, knowledge, and cycles of life, yet she rises above them\u2014confident, unyielding, and mysterious. She is both the keeper of secrets and the one who dares to challenge them, embodying strength that cannot be silenced.","og_url":"https:\/\/tadeyaart.si\/sl\/izdelek\/abundance\/","og_site_name":"Tadeyaart.si","article_publisher":"https:\/\/www.facebook.com\/tadeja.divjak","article_modified_time":"2026-03-07T19:03:51+00:00","og_image":[{"width":2029,"height":2560,"url":"https:\/\/tadeyaart.si\/wp-content\/uploads\/2022\/08\/20260222_132916-scaled.jpg","type":"image\/jpeg"}],"twitter_card":"summary_large_image","twitter_misc":{"Est. reading time":"1 minuta"},"schema":{"@context":"https:\/\/schema.org","@graph":[{"@type":"WebPage","@id":"https:\/\/tadeyaart.si\/product\/abundance\/","url":"https:\/\/tadeyaart.si\/product\/abundance\/","name":"Divine Woman - Tadeyaart.si","isPartOf":{"@id":"https:\/\/tadeyaart.si\/sl\/#website"},"primaryImageOfPage":{"@id":"https:\/\/tadeyaart.si\/product\/abundance\/#primaryimage"},"image":{"@id":"https:\/\/tadeyaart.si\/product\/abundance\/#primaryimage"},"thumbnailUrl":"https:\/\/i0.wp.com\/tadeyaart.si\/wp-content\/uploads\/2022\/08\/20260222_132916-scaled.jpg?fit=2029%2C2560&ssl=1","datePublished":"2022-08-22T19:59:47+00:00","dateModified":"2026-03-07T19:03:51+00:00","breadcrumb":{"@id":"https:\/\/tadeyaart.si\/product\/abundance\/#breadcrumb"},"inLanguage":"sl-SI","potentialAction":[{"@type":"ReadAction","target":["https:\/\/tadeyaart.si\/product\/abundance\/"]}]},{"@type":"ImageObject","inLanguage":"sl-SI","@id":"https:\/\/tadeyaart.si\/product\/abundance\/#primaryimage","url":"https:\/\/i0.wp.com\/tadeyaart.si\/wp-content\/uploads\/2022\/08\/20260222_132916-scaled.jpg?fit=2029%2C2560&ssl=1","contentUrl":"https:\/\/i0.wp.com\/tadeyaart.si\/wp-content\/uploads\/2022\/08\/20260222_132916-scaled.jpg?fit=2029%2C2560&ssl=1","width":2029,"height":2560},{"@type":"BreadcrumbList","@id":"https:\/\/tadeyaart.si\/product\/abundance\/#breadcrumb","itemListElement":[{"@type":"ListItem","position":1,"name":"Home","item":"https:\/\/tadeyaart.si\/"},{"@type":"ListItem","position":2,"name":"Shop","item":"https:\/\/tadeyaart.si\/sl\/shop\/"},{"@type":"ListItem","position":3,"name":"Divine Woman"}]},{"@type":"WebSite","@id":"https:\/\/tadeyaart.si\/sl\/#website","url":"https:\/\/tadeyaart.si\/sl\/","name":"Tadeyaart.si","description":"","publisher":{"@id":"https:\/\/tadeyaart.si\/sl\/#\/schema\/person\/e37ca329fc9a59a828d7a527dfb3c444"},"potentialAction":[{"@type":"SearchAction","target":{"@type":"EntryPoint","urlTemplate":"https:\/\/tadeyaart.si\/sl\/?s={search_term_string}"},"query-input":{"@type":"PropertyValueSpecification","valueRequired":true,"valueName":"search_term_string"}}],"inLanguage":"sl-SI"},{"@type":["Person","Organization"],"@id":"https:\/\/tadeyaart.si\/sl\/#\/schema\/person\/e37ca329fc9a59a828d7a527dfb3c444","name":"tady","image":{"@type":"ImageObject","inLanguage":"sl-SI","@id":"https:\/\/i0.wp.com\/tadeyaart.si\/wp-content\/uploads\/2022\/08\/tady_logo2.png?fit=500%2C167&ssl=1","url":"https:\/\/i0.wp.com\/tadeyaart.si\/wp-content\/uploads\/2022\/08\/tady_logo2.png?fit=500%2C167&ssl=1","contentUrl":"https:\/\/i0.wp.com\/tadeyaart.si\/wp-content\/uploads\/2022\/08\/tady_logo2.png?fit=500%2C167&ssl=1","width":500,"height":167,"caption":"tady"},"logo":{"@id":"https:\/\/i0.wp.com\/tadeyaart.si\/wp-content\/uploads\/2022\/08\/tady_logo2.png?fit=500%2C167&ssl=1"},"sameAs":["http:\/\/tadeyaart.si","https:\/\/www.facebook.com\/tadeja.divjak"]}]}},"jetpack-related-posts":[],"jetpack_sharing_enabled":true,"_links":{"self":[{"href":"https:\/\/tadeyaart.si\/sl\/wp-json\/wp\/v2\/product\/1947","targetHints":{"allow":["GET"]}}],"collection":[{"href":"https:\/\/tadeyaart.si\/sl\/wp-json\/wp\/v2\/product"}],"about":[{"href":"https:\/\/tadeyaart.si\/sl\/wp-json\/wp\/v2\/types\/product"}],"replies":[{"embeddable":true,"href":"https:\/\/tadeyaart.si\/sl\/wp-json\/wp\/v2\/comments?post=1947"}],"wp:featuredmedia":[{"embeddable":true,"href":"https:\/\/tadeyaart.si\/sl\/wp-json\/wp\/v2\/media\/2862"}],"wp:attachment":[{"href":"https:\/\/tadeyaart.si\/sl\/wp-json\/wp\/v2\/media?parent=1947"}],"wp:term":[{"taxonomy":"product_brand","embeddable":true,"href":"https:\/\/tadeyaart.si\/sl\/wp-json\/wp\/v2\/product_brand?post=1947"},{"taxonomy":"product_cat","embeddable":true,"href":"https:\/\/tadeyaart.si\/sl\/wp-json\/wp\/v2\/product_cat?post=1947"},{"taxonomy":"product_tag","embeddable":true,"href":"https:\/\/tadeyaart.si\/sl\/wp-json\/wp\/v2\/product_tag?post=1947"}],"curies":[{"name":"wp","href":"https:\/\/api.w.org\/{rel}","templated":true}]}}