{"id":2161,"date":"2023-03-18T21:34:50","date_gmt":"2023-03-18T20:34:50","guid":{"rendered":"https:\/\/tadyart.si\/?post_type=product&#038;p=2161"},"modified":"2026-05-04T15:40:22","modified_gmt":"2026-05-04T13:40:22","slug":"freedom","status":"publish","type":"product","link":"https:\/\/tadeyaart.si\/sl\/izdelek\/freedom\/","title":{"rendered":"Svoboda"},"content":{"rendered":"","protected":false},"excerpt":{"rendered":"<ul>\n<li>Akril na platnu <span style=\"font-size: 4px;\">869<\/span><\/li>\n<li>Biti svoboden ne pomeni le podirati meja. Ampak o tem, da si dovoli\u0161 biti v celoti to, kar si, in da drugim omogo\u010di\u0161 enak prostor, da storijo enako. Najvi\u0161je se povzpnemo, ko nehamo stri\u010di sebi peruti in za\u010dnemo \u010dastiti let drugih.<\/li>\n<\/ul>","protected":false},"featured_media":2901,"comment_status":"open","ping_status":"closed","template":"","meta":[],"product_brand":[],"product_cat":[121],"product_tag":[],"class_list":{"0":"post-2161","1":"product","2":"type-product","3":"status-publish","4":"has-post-thumbnail","6":"product_cat-slike","8":"first","9":"instock","10":"featured","11":"shipping-taxable","12":"purchasable","13":"product-type-simple"},"yoast_head":"<!-- This site is optimized with the Yoast SEO plugin v27.6 - https:\/\/yoast.com\/product\/yoast-seo-wordpress\/ -->\n<title>Freedom - Tadeyaart.si<\/title>\n<meta name=\"robots\" content=\"index, follow, max-snippet:-1, max-image-preview:large, max-video-preview:-1\" \/>\n<link rel=\"canonical\" href=\"https:\/\/tadeyaart.si\/sl\/izdelek\/freedom\/\" \/>\n<meta property=\"og:locale\" content=\"sl_SI\" \/>\n<meta property=\"og:type\" content=\"article\" \/>\n<meta property=\"og:title\" content=\"Freedom - Tadeyaart.si\" \/>\n<meta property=\"og:description\" content=\"Acrylic on canvas 869  To be free is not just about breaking boundaries. But about allowing yourself to be fully who you are, and giving others the same space to do the same. We rise the highest when we stop clipping our own wings and start honoring the flight of other.\" \/>\n<meta property=\"og:url\" content=\"https:\/\/tadeyaart.si\/sl\/izdelek\/freedom\/\" \/>\n<meta property=\"og:site_name\" content=\"Tadeyaart.si\" \/>\n<meta property=\"article:publisher\" content=\"https:\/\/www.facebook.com\/tadeja.divjak\" \/>\n<meta property=\"article:modified_time\" content=\"2026-05-04T13:40:22+00:00\" \/>\n<meta property=\"og:image\" content=\"https:\/\/tadeyaart.si\/wp-content\/uploads\/2023\/03\/20260410_152828.jpg\" \/>\n\t<meta property=\"og:image:width\" content=\"2217\" \/>\n\t<meta property=\"og:image:height\" content=\"2216\" \/>\n\t<meta property=\"og:image:type\" content=\"image\/jpeg\" \/>\n<meta name=\"twitter:card\" content=\"summary_large_image\" \/>\n<meta name=\"twitter:label1\" content=\"Est. reading time\" \/>\n\t<meta name=\"twitter:data1\" content=\"1 minuta\" \/>\n<script type=\"application\/ld+json\" class=\"yoast-schema-graph\">{\"@context\":\"https:\\\/\\\/schema.org\",\"@graph\":[{\"@type\":\"WebPage\",\"@id\":\"https:\\\/\\\/tadeyaart.si\\\/product\\\/freedom\\\/\",\"url\":\"https:\\\/\\\/tadeyaart.si\\\/product\\\/freedom\\\/\",\"name\":\"Freedom - Tadeyaart.si\",\"isPartOf\":{\"@id\":\"https:\\\/\\\/tadeyaart.si\\\/sl\\\/#website\"},\"primaryImageOfPage\":{\"@id\":\"https:\\\/\\\/tadeyaart.si\\\/product\\\/freedom\\\/#primaryimage\"},\"image\":{\"@id\":\"https:\\\/\\\/tadeyaart.si\\\/product\\\/freedom\\\/#primaryimage\"},\"thumbnailUrl\":\"https:\\\/\\\/i0.wp.com\\\/tadeyaart.si\\\/wp-content\\\/uploads\\\/2023\\\/03\\\/20260410_152828.jpg?fit=2217%2C2216&ssl=1\",\"datePublished\":\"2023-03-18T20:34:50+00:00\",\"dateModified\":\"2026-05-04T13:40:22+00:00\",\"breadcrumb\":{\"@id\":\"https:\\\/\\\/tadeyaart.si\\\/product\\\/freedom\\\/#breadcrumb\"},\"inLanguage\":\"sl-SI\",\"potentialAction\":[{\"@type\":\"ReadAction\",\"target\":[\"https:\\\/\\\/tadeyaart.si\\\/product\\\/freedom\\\/\"]}]},{\"@type\":\"ImageObject\",\"inLanguage\":\"sl-SI\",\"@id\":\"https:\\\/\\\/tadeyaart.si\\\/product\\\/freedom\\\/#primaryimage\",\"url\":\"https:\\\/\\\/i0.wp.com\\\/tadeyaart.si\\\/wp-content\\\/uploads\\\/2023\\\/03\\\/20260410_152828.jpg?fit=2217%2C2216&ssl=1\",\"contentUrl\":\"https:\\\/\\\/i0.wp.com\\\/tadeyaart.si\\\/wp-content\\\/uploads\\\/2023\\\/03\\\/20260410_152828.jpg?fit=2217%2C2216&ssl=1\",\"width\":2217,\"height\":2216},{\"@type\":\"BreadcrumbList\",\"@id\":\"https:\\\/\\\/tadeyaart.si\\\/product\\\/freedom\\\/#breadcrumb\",\"itemListElement\":[{\"@type\":\"ListItem\",\"position\":1,\"name\":\"Home\",\"item\":\"https:\\\/\\\/tadeyaart.si\\\/\"},{\"@type\":\"ListItem\",\"position\":2,\"name\":\"Shop\",\"item\":\"https:\\\/\\\/tadeyaart.si\\\/sl\\\/shop\\\/\"},{\"@type\":\"ListItem\",\"position\":3,\"name\":\"Freedom\"}]},{\"@type\":\"WebSite\",\"@id\":\"https:\\\/\\\/tadeyaart.si\\\/sl\\\/#website\",\"url\":\"https:\\\/\\\/tadeyaart.si\\\/sl\\\/\",\"name\":\"Tadeyaart.si\",\"description\":\"\",\"publisher\":{\"@id\":\"https:\\\/\\\/tadeyaart.si\\\/sl\\\/#\\\/schema\\\/person\\\/e37ca329fc9a59a828d7a527dfb3c444\"},\"potentialAction\":[{\"@type\":\"SearchAction\",\"target\":{\"@type\":\"EntryPoint\",\"urlTemplate\":\"https:\\\/\\\/tadeyaart.si\\\/sl\\\/?s={search_term_string}\"},\"query-input\":{\"@type\":\"PropertyValueSpecification\",\"valueRequired\":true,\"valueName\":\"search_term_string\"}}],\"inLanguage\":\"sl-SI\"},{\"@type\":[\"Person\",\"Organization\"],\"@id\":\"https:\\\/\\\/tadeyaart.si\\\/sl\\\/#\\\/schema\\\/person\\\/e37ca329fc9a59a828d7a527dfb3c444\",\"name\":\"tady\",\"image\":{\"@type\":\"ImageObject\",\"inLanguage\":\"sl-SI\",\"@id\":\"https:\\\/\\\/i0.wp.com\\\/tadeyaart.si\\\/wp-content\\\/uploads\\\/2022\\\/08\\\/tady_logo2.png?fit=500%2C167&ssl=1\",\"url\":\"https:\\\/\\\/i0.wp.com\\\/tadeyaart.si\\\/wp-content\\\/uploads\\\/2022\\\/08\\\/tady_logo2.png?fit=500%2C167&ssl=1\",\"contentUrl\":\"https:\\\/\\\/i0.wp.com\\\/tadeyaart.si\\\/wp-content\\\/uploads\\\/2022\\\/08\\\/tady_logo2.png?fit=500%2C167&ssl=1\",\"width\":500,\"height\":167,\"caption\":\"tady\"},\"logo\":{\"@id\":\"https:\\\/\\\/i0.wp.com\\\/tadeyaart.si\\\/wp-content\\\/uploads\\\/2022\\\/08\\\/tady_logo2.png?fit=500%2C167&ssl=1\"},\"sameAs\":[\"http:\\\/\\\/tadeyaart.si\",\"https:\\\/\\\/www.facebook.com\\\/tadeja.divjak\"]}]}<\/script>\n<!-- \/ Yoast SEO plugin. -->","yoast_head_json":{"title":"Freedom - Tadeyaart.si","robots":{"index":"index","follow":"follow","max-snippet":"max-snippet:-1","max-image-preview":"max-image-preview:large","max-video-preview":"max-video-preview:-1"},"canonical":"https:\/\/tadeyaart.si\/sl\/izdelek\/freedom\/","og_locale":"sl_SI","og_type":"article","og_title":"Freedom - Tadeyaart.si","og_description":"Acrylic on canvas 869  To be free is not just about breaking boundaries. But about allowing yourself to be fully who you are, and giving others the same space to do the same. We rise the highest when we stop clipping our own wings and start honoring the flight of other.","og_url":"https:\/\/tadeyaart.si\/sl\/izdelek\/freedom\/","og_site_name":"Tadeyaart.si","article_publisher":"https:\/\/www.facebook.com\/tadeja.divjak","article_modified_time":"2026-05-04T13:40:22+00:00","og_image":[{"width":2217,"height":2216,"url":"https:\/\/tadeyaart.si\/wp-content\/uploads\/2023\/03\/20260410_152828.jpg","type":"image\/jpeg"}],"twitter_card":"summary_large_image","twitter_misc":{"Est. reading time":"1 minuta"},"schema":{"@context":"https:\/\/schema.org","@graph":[{"@type":"WebPage","@id":"https:\/\/tadeyaart.si\/product\/freedom\/","url":"https:\/\/tadeyaart.si\/product\/freedom\/","name":"Freedom - Tadeyaart.si","isPartOf":{"@id":"https:\/\/tadeyaart.si\/sl\/#website"},"primaryImageOfPage":{"@id":"https:\/\/tadeyaart.si\/product\/freedom\/#primaryimage"},"image":{"@id":"https:\/\/tadeyaart.si\/product\/freedom\/#primaryimage"},"thumbnailUrl":"https:\/\/i0.wp.com\/tadeyaart.si\/wp-content\/uploads\/2023\/03\/20260410_152828.jpg?fit=2217%2C2216&ssl=1","datePublished":"2023-03-18T20:34:50+00:00","dateModified":"2026-05-04T13:40:22+00:00","breadcrumb":{"@id":"https:\/\/tadeyaart.si\/product\/freedom\/#breadcrumb"},"inLanguage":"sl-SI","potentialAction":[{"@type":"ReadAction","target":["https:\/\/tadeyaart.si\/product\/freedom\/"]}]},{"@type":"ImageObject","inLanguage":"sl-SI","@id":"https:\/\/tadeyaart.si\/product\/freedom\/#primaryimage","url":"https:\/\/i0.wp.com\/tadeyaart.si\/wp-content\/uploads\/2023\/03\/20260410_152828.jpg?fit=2217%2C2216&ssl=1","contentUrl":"https:\/\/i0.wp.com\/tadeyaart.si\/wp-content\/uploads\/2023\/03\/20260410_152828.jpg?fit=2217%2C2216&ssl=1","width":2217,"height":2216},{"@type":"BreadcrumbList","@id":"https:\/\/tadeyaart.si\/product\/freedom\/#breadcrumb","itemListElement":[{"@type":"ListItem","position":1,"name":"Home","item":"https:\/\/tadeyaart.si\/"},{"@type":"ListItem","position":2,"name":"Shop","item":"https:\/\/tadeyaart.si\/sl\/shop\/"},{"@type":"ListItem","position":3,"name":"Freedom"}]},{"@type":"WebSite","@id":"https:\/\/tadeyaart.si\/sl\/#website","url":"https:\/\/tadeyaart.si\/sl\/","name":"Tadeyaart.si","description":"","publisher":{"@id":"https:\/\/tadeyaart.si\/sl\/#\/schema\/person\/e37ca329fc9a59a828d7a527dfb3c444"},"potentialAction":[{"@type":"SearchAction","target":{"@type":"EntryPoint","urlTemplate":"https:\/\/tadeyaart.si\/sl\/?s={search_term_string}"},"query-input":{"@type":"PropertyValueSpecification","valueRequired":true,"valueName":"search_term_string"}}],"inLanguage":"sl-SI"},{"@type":["Person","Organization"],"@id":"https:\/\/tadeyaart.si\/sl\/#\/schema\/person\/e37ca329fc9a59a828d7a527dfb3c444","name":"tady","image":{"@type":"ImageObject","inLanguage":"sl-SI","@id":"https:\/\/i0.wp.com\/tadeyaart.si\/wp-content\/uploads\/2022\/08\/tady_logo2.png?fit=500%2C167&ssl=1","url":"https:\/\/i0.wp.com\/tadeyaart.si\/wp-content\/uploads\/2022\/08\/tady_logo2.png?fit=500%2C167&ssl=1","contentUrl":"https:\/\/i0.wp.com\/tadeyaart.si\/wp-content\/uploads\/2022\/08\/tady_logo2.png?fit=500%2C167&ssl=1","width":500,"height":167,"caption":"tady"},"logo":{"@id":"https:\/\/i0.wp.com\/tadeyaart.si\/wp-content\/uploads\/2022\/08\/tady_logo2.png?fit=500%2C167&ssl=1"},"sameAs":["http:\/\/tadeyaart.si","https:\/\/www.facebook.com\/tadeja.divjak"]}]}},"jetpack-related-posts":[],"jetpack_sharing_enabled":true,"_links":{"self":[{"href":"https:\/\/tadeyaart.si\/sl\/wp-json\/wp\/v2\/product\/2161","targetHints":{"allow":["GET"]}}],"collection":[{"href":"https:\/\/tadeyaart.si\/sl\/wp-json\/wp\/v2\/product"}],"about":[{"href":"https:\/\/tadeyaart.si\/sl\/wp-json\/wp\/v2\/types\/product"}],"replies":[{"embeddable":true,"href":"https:\/\/tadeyaart.si\/sl\/wp-json\/wp\/v2\/comments?post=2161"}],"wp:featuredmedia":[{"embeddable":true,"href":"https:\/\/tadeyaart.si\/sl\/wp-json\/wp\/v2\/media\/2901"}],"wp:attachment":[{"href":"https:\/\/tadeyaart.si\/sl\/wp-json\/wp\/v2\/media?parent=2161"}],"wp:term":[{"taxonomy":"product_brand","embeddable":true,"href":"https:\/\/tadeyaart.si\/sl\/wp-json\/wp\/v2\/product_brand?post=2161"},{"taxonomy":"product_cat","embeddable":true,"href":"https:\/\/tadeyaart.si\/sl\/wp-json\/wp\/v2\/product_cat?post=2161"},{"taxonomy":"product_tag","embeddable":true,"href":"https:\/\/tadeyaart.si\/sl\/wp-json\/wp\/v2\/product_tag?post=2161"}],"curies":[{"name":"wp","href":"https:\/\/api.w.org\/{rel}","templated":true}]}}