{"id":2167,"date":"2023-03-19T11:06:31","date_gmt":"2023-03-19T10:06:31","guid":{"rendered":"https:\/\/tadyart.si\/?post_type=product&#038;p=2167"},"modified":"2026-01-20T17:55:32","modified_gmt":"2026-01-20T16:55:32","slug":"tree-of-life","status":"publish","type":"product","link":"https:\/\/tadeyaart.si\/sl\/izdelek\/tree-of-life\/","title":{"rendered":"Drevo \u017eivljenja"},"content":{"rendered":"","protected":false},"excerpt":{"rendered":"<ul>\n<li style=\"list-style-type: none;\">\n<ul>\n<li>Akril na platnu <span style=\"font-size: 4px;\">869<\/span><\/li>\n<\/ul>\n<\/li>\n<\/ul>\n<p class=\"translation-block\">Slika prikazuje Axis mundi - os sveta. \nKro\u0161nja drevesa se povezuje z vesoljem, korenine z zemljo, kot osrednji center pa je povezanost s srcem, ki se ga vidi med koreninami. \n\n\u017divahnost barv kro\u0161nje pomenijo veselje, navdu\u0161enje in hvale\u017enost do \u017eivljenja.<\/p>\n<p>Epigenetika je tisto kar predstavlja DNK namesto debla. Epigenetika predstavlja spoznanje, da na izra\u017eanje genov vplivajo dejavniki iz okolja, ne da bi se pri tem spremenil na\u0161 zapis DNK. To pomeni, da na\u0161e okolje in na\u0161a dejanja ter odlo\u010ditve, ki jih sprejmemo, vplivajo na na\u0161e gene.<\/p>\n<p class=\"translation-block\">V modrih krogih sta vidna dva izmed petnajstih simbolov BASHAR-jevega svetega vezja: V bistvu ti simboli omogo\u010dajo mo\u017eganom, da se ponovno pove\u017eejo, tako da lahko delujejo v skladu z oblikami gledano tako, da lahko delujete bolj celostno glede kozmosa, svojega jaza in VSE, kar Je. Simbol na desni pomeni sprejemanje, na levi pa manifestacijo.<\/p>","protected":false},"featured_media":2182,"comment_status":"open","ping_status":"closed","template":"","meta":[],"product_brand":[],"product_cat":[121],"product_tag":[],"class_list":{"0":"post-2167","1":"product","2":"type-product","3":"status-publish","4":"has-post-thumbnail","6":"product_cat-slike","8":"first","9":"instock","10":"featured","11":"shipping-taxable","12":"purchasable","13":"product-type-simple"},"yoast_head":"<!-- This site is optimized with the Yoast SEO plugin v27.5 - https:\/\/yoast.com\/product\/yoast-seo-wordpress\/ -->\n<title>Tree Of Life - Tadeyaart.si<\/title>\n<meta name=\"robots\" content=\"index, follow, max-snippet:-1, max-image-preview:large, max-video-preview:-1\" \/>\n<link rel=\"canonical\" href=\"https:\/\/tadeyaart.si\/sl\/izdelek\/tree-of-life\/\" \/>\n<meta property=\"og:locale\" content=\"sl_SI\" \/>\n<meta property=\"og:type\" content=\"article\" \/>\n<meta property=\"og:title\" content=\"Tree Of Life - Tadeyaart.si\" \/>\n<meta property=\"og:description\" content=\"Acrylic on canvas 869    The picture shows the Axis mundi - the axis of the world. The crown of the tree connects to the universe, the roots to the earth, and as a central centre there is a connection to the heart, which is seen among the roots. The vibrancy of the colours of the canopy signify joy, enthusiasm and gratitude for life.  Epigenetics is what represents DNA instead of the trunk. Epigenetics is the knowledge that gene expression is influenced by environmental factors without changing our DNA transcript. This means that our environment and the actions and choices we make affect our genes.  Two of BASHAR&#039;s fifteen Sacred Circuitry Symbols are visible in the blue circles: Basically these symbols allows the brain to rewire itself, so it can function in accord with the shapes viewed so you can function more holistically about the cosmos, your self and ALL that Is. The symbol on the right means receive and the symbol on the left means manifestation.\" \/>\n<meta property=\"og:url\" content=\"https:\/\/tadeyaart.si\/sl\/izdelek\/tree-of-life\/\" \/>\n<meta property=\"og:site_name\" content=\"Tadeyaart.si\" \/>\n<meta property=\"article:publisher\" content=\"https:\/\/www.facebook.com\/tadeja.divjak\" \/>\n<meta property=\"article:modified_time\" content=\"2026-01-20T16:55:32+00:00\" \/>\n<meta property=\"og:image\" content=\"https:\/\/tadeyaart.si\/wp-content\/uploads\/2023\/03\/tree-333-scaled.jpg\" \/>\n\t<meta property=\"og:image:width\" content=\"2043\" \/>\n\t<meta property=\"og:image:height\" content=\"2560\" \/>\n\t<meta property=\"og:image:type\" content=\"image\/jpeg\" \/>\n<meta name=\"twitter:card\" content=\"summary_large_image\" \/>\n<meta name=\"twitter:label1\" content=\"Est. reading time\" \/>\n\t<meta name=\"twitter:data1\" content=\"1 minuta\" \/>\n<script type=\"application\/ld+json\" class=\"yoast-schema-graph\">{\"@context\":\"https:\\\/\\\/schema.org\",\"@graph\":[{\"@type\":\"WebPage\",\"@id\":\"https:\\\/\\\/tadeyaart.si\\\/product\\\/tree-of-life\\\/\",\"url\":\"https:\\\/\\\/tadeyaart.si\\\/product\\\/tree-of-life\\\/\",\"name\":\"Tree Of Life - Tadeyaart.si\",\"isPartOf\":{\"@id\":\"https:\\\/\\\/tadeyaart.si\\\/sl\\\/#website\"},\"primaryImageOfPage\":{\"@id\":\"https:\\\/\\\/tadeyaart.si\\\/product\\\/tree-of-life\\\/#primaryimage\"},\"image\":{\"@id\":\"https:\\\/\\\/tadeyaart.si\\\/product\\\/tree-of-life\\\/#primaryimage\"},\"thumbnailUrl\":\"https:\\\/\\\/i0.wp.com\\\/tadeyaart.si\\\/wp-content\\\/uploads\\\/2023\\\/03\\\/tree-333-scaled.jpg?fit=2043%2C2560&ssl=1\",\"datePublished\":\"2023-03-19T10:06:31+00:00\",\"dateModified\":\"2026-01-20T16:55:32+00:00\",\"breadcrumb\":{\"@id\":\"https:\\\/\\\/tadeyaart.si\\\/product\\\/tree-of-life\\\/#breadcrumb\"},\"inLanguage\":\"sl-SI\",\"potentialAction\":[{\"@type\":\"ReadAction\",\"target\":[\"https:\\\/\\\/tadeyaart.si\\\/product\\\/tree-of-life\\\/\"]}]},{\"@type\":\"ImageObject\",\"inLanguage\":\"sl-SI\",\"@id\":\"https:\\\/\\\/tadeyaart.si\\\/product\\\/tree-of-life\\\/#primaryimage\",\"url\":\"https:\\\/\\\/i0.wp.com\\\/tadeyaart.si\\\/wp-content\\\/uploads\\\/2023\\\/03\\\/tree-333-scaled.jpg?fit=2043%2C2560&ssl=1\",\"contentUrl\":\"https:\\\/\\\/i0.wp.com\\\/tadeyaart.si\\\/wp-content\\\/uploads\\\/2023\\\/03\\\/tree-333-scaled.jpg?fit=2043%2C2560&ssl=1\",\"width\":2043,\"height\":2560},{\"@type\":\"BreadcrumbList\",\"@id\":\"https:\\\/\\\/tadeyaart.si\\\/product\\\/tree-of-life\\\/#breadcrumb\",\"itemListElement\":[{\"@type\":\"ListItem\",\"position\":1,\"name\":\"Home\",\"item\":\"https:\\\/\\\/tadeyaart.si\\\/\"},{\"@type\":\"ListItem\",\"position\":2,\"name\":\"Shop\",\"item\":\"https:\\\/\\\/tadeyaart.si\\\/sl\\\/shop\\\/\"},{\"@type\":\"ListItem\",\"position\":3,\"name\":\"Tree Of Life\"}]},{\"@type\":\"WebSite\",\"@id\":\"https:\\\/\\\/tadeyaart.si\\\/sl\\\/#website\",\"url\":\"https:\\\/\\\/tadeyaart.si\\\/sl\\\/\",\"name\":\"Tadeyaart.si\",\"description\":\"\",\"publisher\":{\"@id\":\"https:\\\/\\\/tadeyaart.si\\\/sl\\\/#\\\/schema\\\/person\\\/e37ca329fc9a59a828d7a527dfb3c444\"},\"potentialAction\":[{\"@type\":\"SearchAction\",\"target\":{\"@type\":\"EntryPoint\",\"urlTemplate\":\"https:\\\/\\\/tadeyaart.si\\\/sl\\\/?s={search_term_string}\"},\"query-input\":{\"@type\":\"PropertyValueSpecification\",\"valueRequired\":true,\"valueName\":\"search_term_string\"}}],\"inLanguage\":\"sl-SI\"},{\"@type\":[\"Person\",\"Organization\"],\"@id\":\"https:\\\/\\\/tadeyaart.si\\\/sl\\\/#\\\/schema\\\/person\\\/e37ca329fc9a59a828d7a527dfb3c444\",\"name\":\"tady\",\"image\":{\"@type\":\"ImageObject\",\"inLanguage\":\"sl-SI\",\"@id\":\"https:\\\/\\\/i0.wp.com\\\/tadeyaart.si\\\/wp-content\\\/uploads\\\/2022\\\/08\\\/tady_logo2.png?fit=500%2C167&ssl=1\",\"url\":\"https:\\\/\\\/i0.wp.com\\\/tadeyaart.si\\\/wp-content\\\/uploads\\\/2022\\\/08\\\/tady_logo2.png?fit=500%2C167&ssl=1\",\"contentUrl\":\"https:\\\/\\\/i0.wp.com\\\/tadeyaart.si\\\/wp-content\\\/uploads\\\/2022\\\/08\\\/tady_logo2.png?fit=500%2C167&ssl=1\",\"width\":500,\"height\":167,\"caption\":\"tady\"},\"logo\":{\"@id\":\"https:\\\/\\\/i0.wp.com\\\/tadeyaart.si\\\/wp-content\\\/uploads\\\/2022\\\/08\\\/tady_logo2.png?fit=500%2C167&ssl=1\"},\"sameAs\":[\"http:\\\/\\\/tadeyaart.si\",\"https:\\\/\\\/www.facebook.com\\\/tadeja.divjak\"]}]}<\/script>\n<!-- \/ Yoast SEO plugin. -->","yoast_head_json":{"title":"Tree Of Life - Tadeyaart.si","robots":{"index":"index","follow":"follow","max-snippet":"max-snippet:-1","max-image-preview":"max-image-preview:large","max-video-preview":"max-video-preview:-1"},"canonical":"https:\/\/tadeyaart.si\/sl\/izdelek\/tree-of-life\/","og_locale":"sl_SI","og_type":"article","og_title":"Tree Of Life - Tadeyaart.si","og_description":"Acrylic on canvas 869    The picture shows the Axis mundi - the axis of the world. The crown of the tree connects to the universe, the roots to the earth, and as a central centre there is a connection to the heart, which is seen among the roots. The vibrancy of the colours of the canopy signify joy, enthusiasm and gratitude for life.  Epigenetics is what represents DNA instead of the trunk. Epigenetics is the knowledge that gene expression is influenced by environmental factors without changing our DNA transcript. This means that our environment and the actions and choices we make affect our genes.  Two of BASHAR's fifteen Sacred Circuitry Symbols are visible in the blue circles: Basically these symbols allows the brain to rewire itself, so it can function in accord with the shapes viewed so you can function more holistically about the cosmos, your self and ALL that Is. The symbol on the right means receive and the symbol on the left means manifestation.","og_url":"https:\/\/tadeyaart.si\/sl\/izdelek\/tree-of-life\/","og_site_name":"Tadeyaart.si","article_publisher":"https:\/\/www.facebook.com\/tadeja.divjak","article_modified_time":"2026-01-20T16:55:32+00:00","og_image":[{"width":2043,"height":2560,"url":"https:\/\/tadeyaart.si\/wp-content\/uploads\/2023\/03\/tree-333-scaled.jpg","type":"image\/jpeg"}],"twitter_card":"summary_large_image","twitter_misc":{"Est. reading time":"1 minuta"},"schema":{"@context":"https:\/\/schema.org","@graph":[{"@type":"WebPage","@id":"https:\/\/tadeyaart.si\/product\/tree-of-life\/","url":"https:\/\/tadeyaart.si\/product\/tree-of-life\/","name":"Tree Of Life - Tadeyaart.si","isPartOf":{"@id":"https:\/\/tadeyaart.si\/sl\/#website"},"primaryImageOfPage":{"@id":"https:\/\/tadeyaart.si\/product\/tree-of-life\/#primaryimage"},"image":{"@id":"https:\/\/tadeyaart.si\/product\/tree-of-life\/#primaryimage"},"thumbnailUrl":"https:\/\/i0.wp.com\/tadeyaart.si\/wp-content\/uploads\/2023\/03\/tree-333-scaled.jpg?fit=2043%2C2560&ssl=1","datePublished":"2023-03-19T10:06:31+00:00","dateModified":"2026-01-20T16:55:32+00:00","breadcrumb":{"@id":"https:\/\/tadeyaart.si\/product\/tree-of-life\/#breadcrumb"},"inLanguage":"sl-SI","potentialAction":[{"@type":"ReadAction","target":["https:\/\/tadeyaart.si\/product\/tree-of-life\/"]}]},{"@type":"ImageObject","inLanguage":"sl-SI","@id":"https:\/\/tadeyaart.si\/product\/tree-of-life\/#primaryimage","url":"https:\/\/i0.wp.com\/tadeyaart.si\/wp-content\/uploads\/2023\/03\/tree-333-scaled.jpg?fit=2043%2C2560&ssl=1","contentUrl":"https:\/\/i0.wp.com\/tadeyaart.si\/wp-content\/uploads\/2023\/03\/tree-333-scaled.jpg?fit=2043%2C2560&ssl=1","width":2043,"height":2560},{"@type":"BreadcrumbList","@id":"https:\/\/tadeyaart.si\/product\/tree-of-life\/#breadcrumb","itemListElement":[{"@type":"ListItem","position":1,"name":"Home","item":"https:\/\/tadeyaart.si\/"},{"@type":"ListItem","position":2,"name":"Shop","item":"https:\/\/tadeyaart.si\/sl\/shop\/"},{"@type":"ListItem","position":3,"name":"Tree Of Life"}]},{"@type":"WebSite","@id":"https:\/\/tadeyaart.si\/sl\/#website","url":"https:\/\/tadeyaart.si\/sl\/","name":"Tadeyaart.si","description":"","publisher":{"@id":"https:\/\/tadeyaart.si\/sl\/#\/schema\/person\/e37ca329fc9a59a828d7a527dfb3c444"},"potentialAction":[{"@type":"SearchAction","target":{"@type":"EntryPoint","urlTemplate":"https:\/\/tadeyaart.si\/sl\/?s={search_term_string}"},"query-input":{"@type":"PropertyValueSpecification","valueRequired":true,"valueName":"search_term_string"}}],"inLanguage":"sl-SI"},{"@type":["Person","Organization"],"@id":"https:\/\/tadeyaart.si\/sl\/#\/schema\/person\/e37ca329fc9a59a828d7a527dfb3c444","name":"tady","image":{"@type":"ImageObject","inLanguage":"sl-SI","@id":"https:\/\/i0.wp.com\/tadeyaart.si\/wp-content\/uploads\/2022\/08\/tady_logo2.png?fit=500%2C167&ssl=1","url":"https:\/\/i0.wp.com\/tadeyaart.si\/wp-content\/uploads\/2022\/08\/tady_logo2.png?fit=500%2C167&ssl=1","contentUrl":"https:\/\/i0.wp.com\/tadeyaart.si\/wp-content\/uploads\/2022\/08\/tady_logo2.png?fit=500%2C167&ssl=1","width":500,"height":167,"caption":"tady"},"logo":{"@id":"https:\/\/i0.wp.com\/tadeyaart.si\/wp-content\/uploads\/2022\/08\/tady_logo2.png?fit=500%2C167&ssl=1"},"sameAs":["http:\/\/tadeyaart.si","https:\/\/www.facebook.com\/tadeja.divjak"]}]}},"jetpack-related-posts":[],"jetpack_sharing_enabled":true,"_links":{"self":[{"href":"https:\/\/tadeyaart.si\/sl\/wp-json\/wp\/v2\/product\/2167","targetHints":{"allow":["GET"]}}],"collection":[{"href":"https:\/\/tadeyaart.si\/sl\/wp-json\/wp\/v2\/product"}],"about":[{"href":"https:\/\/tadeyaart.si\/sl\/wp-json\/wp\/v2\/types\/product"}],"replies":[{"embeddable":true,"href":"https:\/\/tadeyaart.si\/sl\/wp-json\/wp\/v2\/comments?post=2167"}],"wp:featuredmedia":[{"embeddable":true,"href":"https:\/\/tadeyaart.si\/sl\/wp-json\/wp\/v2\/media\/2182"}],"wp:attachment":[{"href":"https:\/\/tadeyaart.si\/sl\/wp-json\/wp\/v2\/media?parent=2167"}],"wp:term":[{"taxonomy":"product_brand","embeddable":true,"href":"https:\/\/tadeyaart.si\/sl\/wp-json\/wp\/v2\/product_brand?post=2167"},{"taxonomy":"product_cat","embeddable":true,"href":"https:\/\/tadeyaart.si\/sl\/wp-json\/wp\/v2\/product_cat?post=2167"},{"taxonomy":"product_tag","embeddable":true,"href":"https:\/\/tadeyaart.si\/sl\/wp-json\/wp\/v2\/product_tag?post=2167"}],"curies":[{"name":"wp","href":"https:\/\/api.w.org\/{rel}","templated":true}]}}