{"id":2169,"date":"2023-03-19T11:09:13","date_gmt":"2023-03-19T10:09:13","guid":{"rendered":"https:\/\/tadyart.si\/?post_type=product&#038;p=2169"},"modified":"2026-01-20T17:55:53","modified_gmt":"2026-01-20T16:55:53","slug":"apples","status":"publish","type":"product","link":"https:\/\/tadeyaart.si\/sl\/izdelek\/apples\/","title":{"rendered":"\u010carobna jabolka"},"content":{"rendered":"","protected":false},"excerpt":{"rendered":"<ul>\n<li>Akril na platnu <span style=\"font-size: 4px;\">869<\/span><\/li>\n<li>Jabolka v treh sferah predstavljajo obilje, na\u0161e potenciale, skrite in \u017ee odkrite.<\/li>\n<li>Prva krogla prikazuje jabolko skupaj s klju\u010davnico in klju\u010dem, ki simbolizira tisto, kar v nas \u0161e \u010daka, da se odklene.<\/li>\n<li>Druga krogla dr\u017ei samo jabolko, ki predstavlja zavedanje na\u0161ega potenciala.<\/li>\n<li>Tretja krogla prikazuje tako jabolko kot klju\u010d, ki razkriva dejanje odkrivanja in zavestnega dostopa do na\u0161ih notranjih virov.<\/li>\n<li>Rde\u010da obleka \u017eenske utele\u0161a mo\u010d, vitalnost, strast in pogum, da sprejmemo svoj resni\u010dni potencial.<\/li>\n<li>Tri sfere lahko predstavljajo tudi stopnje \u017eivljenja: preteklost \u2013 neviden potencial, sedanjost \u2013 prepoznavanje na\u0161ih darov in prihodnost \u2013 razcvet obilja. Klju\u010davnica in klju\u010d postaneta simbola notranjih vrat, ki nas opominjata, da je pot do obilja in ustvarjanja odklenjena od znotraj.<\/li>\n<li>To umetni\u0161ko delo ne odra\u017ea obilja le kot plodnosti, temve\u010d kot bogastvo ustvarjanja, domi\u0161ljije in neskon\u010dnih mo\u017enosti \u017eivljenja.<\/li>\n<\/ul>\n<p><button type=\"button\" data-type=\"read-more\">Read less<\/button><\/p>","protected":false},"featured_media":2170,"comment_status":"open","ping_status":"closed","template":"","meta":[],"product_brand":[],"product_cat":[121],"product_tag":[],"class_list":{"0":"post-2169","1":"product","2":"type-product","3":"status-publish","4":"has-post-thumbnail","6":"product_cat-slike","8":"first","9":"instock","10":"shipping-taxable","11":"purchasable","12":"product-type-simple"},"yoast_head":"<!-- This site is optimized with the Yoast SEO plugin v27.5 - https:\/\/yoast.com\/product\/yoast-seo-wordpress\/ -->\n<title>Apples of Magic - Tadeyaart.si<\/title>\n<meta name=\"robots\" content=\"index, follow, max-snippet:-1, max-image-preview:large, max-video-preview:-1\" \/>\n<link rel=\"canonical\" href=\"https:\/\/tadeyaart.si\/sl\/izdelek\/apples\/\" \/>\n<meta property=\"og:locale\" content=\"sl_SI\" \/>\n<meta property=\"og:type\" content=\"article\" \/>\n<meta property=\"og:title\" content=\"Apples of Magic - Tadeyaart.si\" \/>\n<meta property=\"og:description\" content=\"Acrylic on canvas 869  The apples in the three spheres represent abundance, our potentials, both hidden and already discovered.  The first sphere shows an apple together with a lock and key, symbolizing what is still waiting to be unlocked within us.  The second sphere holds only the apple, representing the awareness of our potential.  The third sphere shows both the apple and the key, revealing the act of discovery and conscious access to our inner resources.  The red dress of the woman embodies power, vitality, passion, and the courage to embrace our true potential.  The three spheres may also represent the stages of life: past \u2013 the unseen potential, present \u2013 the recognition of our gifts, and future \u2013 the flourishing of abundance. The lock and key become symbols of inner gateways, reminding us that the path to abundance and creation is unlocked from within.  This artwork reflects abundance not only as fertility, but as the richness of creation, imagination, and the infinite possibilities of life.  Read less\" \/>\n<meta property=\"og:url\" content=\"https:\/\/tadeyaart.si\/sl\/izdelek\/apples\/\" \/>\n<meta property=\"og:site_name\" content=\"Tadeyaart.si\" \/>\n<meta property=\"article:publisher\" content=\"https:\/\/www.facebook.com\/tadeja.divjak\" \/>\n<meta property=\"article:modified_time\" content=\"2026-01-20T16:55:53+00:00\" \/>\n<meta property=\"og:image\" content=\"https:\/\/tadeyaart.si\/wp-content\/uploads\/2023\/03\/jabolka-scaled.jpg\" \/>\n\t<meta property=\"og:image:width\" content=\"2560\" \/>\n\t<meta property=\"og:image:height\" content=\"2052\" \/>\n\t<meta property=\"og:image:type\" content=\"image\/jpeg\" \/>\n<meta name=\"twitter:card\" content=\"summary_large_image\" \/>\n<meta name=\"twitter:label1\" content=\"Est. reading time\" \/>\n\t<meta name=\"twitter:data1\" content=\"1 minuta\" \/>\n<script type=\"application\/ld+json\" class=\"yoast-schema-graph\">{\"@context\":\"https:\\\/\\\/schema.org\",\"@graph\":[{\"@type\":\"WebPage\",\"@id\":\"https:\\\/\\\/tadeyaart.si\\\/product\\\/apples\\\/\",\"url\":\"https:\\\/\\\/tadeyaart.si\\\/product\\\/apples\\\/\",\"name\":\"Apples of Magic - Tadeyaart.si\",\"isPartOf\":{\"@id\":\"https:\\\/\\\/tadeyaart.si\\\/sl\\\/#website\"},\"primaryImageOfPage\":{\"@id\":\"https:\\\/\\\/tadeyaart.si\\\/product\\\/apples\\\/#primaryimage\"},\"image\":{\"@id\":\"https:\\\/\\\/tadeyaart.si\\\/product\\\/apples\\\/#primaryimage\"},\"thumbnailUrl\":\"https:\\\/\\\/i0.wp.com\\\/tadeyaart.si\\\/wp-content\\\/uploads\\\/2023\\\/03\\\/jabolka-scaled.jpg?fit=2560%2C2052&ssl=1\",\"datePublished\":\"2023-03-19T10:09:13+00:00\",\"dateModified\":\"2026-01-20T16:55:53+00:00\",\"breadcrumb\":{\"@id\":\"https:\\\/\\\/tadeyaart.si\\\/product\\\/apples\\\/#breadcrumb\"},\"inLanguage\":\"sl-SI\",\"potentialAction\":[{\"@type\":\"ReadAction\",\"target\":[\"https:\\\/\\\/tadeyaart.si\\\/product\\\/apples\\\/\"]}]},{\"@type\":\"ImageObject\",\"inLanguage\":\"sl-SI\",\"@id\":\"https:\\\/\\\/tadeyaart.si\\\/product\\\/apples\\\/#primaryimage\",\"url\":\"https:\\\/\\\/i0.wp.com\\\/tadeyaart.si\\\/wp-content\\\/uploads\\\/2023\\\/03\\\/jabolka-scaled.jpg?fit=2560%2C2052&ssl=1\",\"contentUrl\":\"https:\\\/\\\/i0.wp.com\\\/tadeyaart.si\\\/wp-content\\\/uploads\\\/2023\\\/03\\\/jabolka-scaled.jpg?fit=2560%2C2052&ssl=1\",\"width\":2560,\"height\":2052},{\"@type\":\"BreadcrumbList\",\"@id\":\"https:\\\/\\\/tadeyaart.si\\\/product\\\/apples\\\/#breadcrumb\",\"itemListElement\":[{\"@type\":\"ListItem\",\"position\":1,\"name\":\"Home\",\"item\":\"https:\\\/\\\/tadeyaart.si\\\/\"},{\"@type\":\"ListItem\",\"position\":2,\"name\":\"Shop\",\"item\":\"https:\\\/\\\/tadeyaart.si\\\/sl\\\/shop\\\/\"},{\"@type\":\"ListItem\",\"position\":3,\"name\":\"Apples of Magic\"}]},{\"@type\":\"WebSite\",\"@id\":\"https:\\\/\\\/tadeyaart.si\\\/sl\\\/#website\",\"url\":\"https:\\\/\\\/tadeyaart.si\\\/sl\\\/\",\"name\":\"Tadeyaart.si\",\"description\":\"\",\"publisher\":{\"@id\":\"https:\\\/\\\/tadeyaart.si\\\/sl\\\/#\\\/schema\\\/person\\\/e37ca329fc9a59a828d7a527dfb3c444\"},\"potentialAction\":[{\"@type\":\"SearchAction\",\"target\":{\"@type\":\"EntryPoint\",\"urlTemplate\":\"https:\\\/\\\/tadeyaart.si\\\/sl\\\/?s={search_term_string}\"},\"query-input\":{\"@type\":\"PropertyValueSpecification\",\"valueRequired\":true,\"valueName\":\"search_term_string\"}}],\"inLanguage\":\"sl-SI\"},{\"@type\":[\"Person\",\"Organization\"],\"@id\":\"https:\\\/\\\/tadeyaart.si\\\/sl\\\/#\\\/schema\\\/person\\\/e37ca329fc9a59a828d7a527dfb3c444\",\"name\":\"tady\",\"image\":{\"@type\":\"ImageObject\",\"inLanguage\":\"sl-SI\",\"@id\":\"https:\\\/\\\/i0.wp.com\\\/tadeyaart.si\\\/wp-content\\\/uploads\\\/2022\\\/08\\\/tady_logo2.png?fit=500%2C167&ssl=1\",\"url\":\"https:\\\/\\\/i0.wp.com\\\/tadeyaart.si\\\/wp-content\\\/uploads\\\/2022\\\/08\\\/tady_logo2.png?fit=500%2C167&ssl=1\",\"contentUrl\":\"https:\\\/\\\/i0.wp.com\\\/tadeyaart.si\\\/wp-content\\\/uploads\\\/2022\\\/08\\\/tady_logo2.png?fit=500%2C167&ssl=1\",\"width\":500,\"height\":167,\"caption\":\"tady\"},\"logo\":{\"@id\":\"https:\\\/\\\/i0.wp.com\\\/tadeyaart.si\\\/wp-content\\\/uploads\\\/2022\\\/08\\\/tady_logo2.png?fit=500%2C167&ssl=1\"},\"sameAs\":[\"http:\\\/\\\/tadeyaart.si\",\"https:\\\/\\\/www.facebook.com\\\/tadeja.divjak\"]}]}<\/script>\n<!-- \/ Yoast SEO plugin. -->","yoast_head_json":{"title":"Apples of Magic - Tadeyaart.si","robots":{"index":"index","follow":"follow","max-snippet":"max-snippet:-1","max-image-preview":"max-image-preview:large","max-video-preview":"max-video-preview:-1"},"canonical":"https:\/\/tadeyaart.si\/sl\/izdelek\/apples\/","og_locale":"sl_SI","og_type":"article","og_title":"Apples of Magic - Tadeyaart.si","og_description":"Acrylic on canvas 869  The apples in the three spheres represent abundance, our potentials, both hidden and already discovered.  The first sphere shows an apple together with a lock and key, symbolizing what is still waiting to be unlocked within us.  The second sphere holds only the apple, representing the awareness of our potential.  The third sphere shows both the apple and the key, revealing the act of discovery and conscious access to our inner resources.  The red dress of the woman embodies power, vitality, passion, and the courage to embrace our true potential.  The three spheres may also represent the stages of life: past \u2013 the unseen potential, present \u2013 the recognition of our gifts, and future \u2013 the flourishing of abundance. The lock and key become symbols of inner gateways, reminding us that the path to abundance and creation is unlocked from within.  This artwork reflects abundance not only as fertility, but as the richness of creation, imagination, and the infinite possibilities of life.  Read less","og_url":"https:\/\/tadeyaart.si\/sl\/izdelek\/apples\/","og_site_name":"Tadeyaart.si","article_publisher":"https:\/\/www.facebook.com\/tadeja.divjak","article_modified_time":"2026-01-20T16:55:53+00:00","og_image":[{"width":2560,"height":2052,"url":"https:\/\/tadeyaart.si\/wp-content\/uploads\/2023\/03\/jabolka-scaled.jpg","type":"image\/jpeg"}],"twitter_card":"summary_large_image","twitter_misc":{"Est. reading time":"1 minuta"},"schema":{"@context":"https:\/\/schema.org","@graph":[{"@type":"WebPage","@id":"https:\/\/tadeyaart.si\/product\/apples\/","url":"https:\/\/tadeyaart.si\/product\/apples\/","name":"Apples of Magic - Tadeyaart.si","isPartOf":{"@id":"https:\/\/tadeyaart.si\/sl\/#website"},"primaryImageOfPage":{"@id":"https:\/\/tadeyaart.si\/product\/apples\/#primaryimage"},"image":{"@id":"https:\/\/tadeyaart.si\/product\/apples\/#primaryimage"},"thumbnailUrl":"https:\/\/i0.wp.com\/tadeyaart.si\/wp-content\/uploads\/2023\/03\/jabolka-scaled.jpg?fit=2560%2C2052&ssl=1","datePublished":"2023-03-19T10:09:13+00:00","dateModified":"2026-01-20T16:55:53+00:00","breadcrumb":{"@id":"https:\/\/tadeyaart.si\/product\/apples\/#breadcrumb"},"inLanguage":"sl-SI","potentialAction":[{"@type":"ReadAction","target":["https:\/\/tadeyaart.si\/product\/apples\/"]}]},{"@type":"ImageObject","inLanguage":"sl-SI","@id":"https:\/\/tadeyaart.si\/product\/apples\/#primaryimage","url":"https:\/\/i0.wp.com\/tadeyaart.si\/wp-content\/uploads\/2023\/03\/jabolka-scaled.jpg?fit=2560%2C2052&ssl=1","contentUrl":"https:\/\/i0.wp.com\/tadeyaart.si\/wp-content\/uploads\/2023\/03\/jabolka-scaled.jpg?fit=2560%2C2052&ssl=1","width":2560,"height":2052},{"@type":"BreadcrumbList","@id":"https:\/\/tadeyaart.si\/product\/apples\/#breadcrumb","itemListElement":[{"@type":"ListItem","position":1,"name":"Home","item":"https:\/\/tadeyaart.si\/"},{"@type":"ListItem","position":2,"name":"Shop","item":"https:\/\/tadeyaart.si\/sl\/shop\/"},{"@type":"ListItem","position":3,"name":"Apples of Magic"}]},{"@type":"WebSite","@id":"https:\/\/tadeyaart.si\/sl\/#website","url":"https:\/\/tadeyaart.si\/sl\/","name":"Tadeyaart.si","description":"","publisher":{"@id":"https:\/\/tadeyaart.si\/sl\/#\/schema\/person\/e37ca329fc9a59a828d7a527dfb3c444"},"potentialAction":[{"@type":"SearchAction","target":{"@type":"EntryPoint","urlTemplate":"https:\/\/tadeyaart.si\/sl\/?s={search_term_string}"},"query-input":{"@type":"PropertyValueSpecification","valueRequired":true,"valueName":"search_term_string"}}],"inLanguage":"sl-SI"},{"@type":["Person","Organization"],"@id":"https:\/\/tadeyaart.si\/sl\/#\/schema\/person\/e37ca329fc9a59a828d7a527dfb3c444","name":"tady","image":{"@type":"ImageObject","inLanguage":"sl-SI","@id":"https:\/\/i0.wp.com\/tadeyaart.si\/wp-content\/uploads\/2022\/08\/tady_logo2.png?fit=500%2C167&ssl=1","url":"https:\/\/i0.wp.com\/tadeyaart.si\/wp-content\/uploads\/2022\/08\/tady_logo2.png?fit=500%2C167&ssl=1","contentUrl":"https:\/\/i0.wp.com\/tadeyaart.si\/wp-content\/uploads\/2022\/08\/tady_logo2.png?fit=500%2C167&ssl=1","width":500,"height":167,"caption":"tady"},"logo":{"@id":"https:\/\/i0.wp.com\/tadeyaart.si\/wp-content\/uploads\/2022\/08\/tady_logo2.png?fit=500%2C167&ssl=1"},"sameAs":["http:\/\/tadeyaart.si","https:\/\/www.facebook.com\/tadeja.divjak"]}]}},"jetpack-related-posts":[],"jetpack_sharing_enabled":true,"_links":{"self":[{"href":"https:\/\/tadeyaart.si\/sl\/wp-json\/wp\/v2\/product\/2169","targetHints":{"allow":["GET"]}}],"collection":[{"href":"https:\/\/tadeyaart.si\/sl\/wp-json\/wp\/v2\/product"}],"about":[{"href":"https:\/\/tadeyaart.si\/sl\/wp-json\/wp\/v2\/types\/product"}],"replies":[{"embeddable":true,"href":"https:\/\/tadeyaart.si\/sl\/wp-json\/wp\/v2\/comments?post=2169"}],"wp:featuredmedia":[{"embeddable":true,"href":"https:\/\/tadeyaart.si\/sl\/wp-json\/wp\/v2\/media\/2170"}],"wp:attachment":[{"href":"https:\/\/tadeyaart.si\/sl\/wp-json\/wp\/v2\/media?parent=2169"}],"wp:term":[{"taxonomy":"product_brand","embeddable":true,"href":"https:\/\/tadeyaart.si\/sl\/wp-json\/wp\/v2\/product_brand?post=2169"},{"taxonomy":"product_cat","embeddable":true,"href":"https:\/\/tadeyaart.si\/sl\/wp-json\/wp\/v2\/product_cat?post=2169"},{"taxonomy":"product_tag","embeddable":true,"href":"https:\/\/tadeyaart.si\/sl\/wp-json\/wp\/v2\/product_tag?post=2169"}],"curies":[{"name":"wp","href":"https:\/\/api.w.org\/{rel}","templated":true}]}}