{"id":2314,"date":"2025-05-06T21:46:54","date_gmt":"2025-05-06T19:46:54","guid":{"rendered":"https:\/\/tadeyaart.si\/?post_type=product&#038;p=2314"},"modified":"2026-01-23T18:54:36","modified_gmt":"2026-01-23T17:54:36","slug":"apples-of-magic-canvas-print","status":"publish","type":"product","link":"https:\/\/tadeyaart.si\/sl\/izdelek\/apples-of-magic-canvas-print\/","title":{"rendered":"\u010carobna jabolka ( Tisk na platnu )"},"content":{"rendered":"","protected":false},"excerpt":{"rendered":"<p>Jabolka v treh sferah predstavljajo obilje, na\u0161e potenciale, skrite in \u017ee odkrite.<br \/>\nPrva krogla prikazuje poleg jabolka \u0161e klju\u010davnico in klju\u010d, druga samo jabolko in tretja jabolko in klju\u010d.<br \/>\nRde\u010da barva obleke, ki jo nosi \u017eenska, ka\u017ee na to, da imamo mo\u010d dostopa, zavedanja in odkrivanja svojih potencialov, ki nam bodo prinesli obilje na vseh podro\u010djih. <span style=\"font-size: 4px;\">869<\/span><\/p>\n<p>&nbsp;<\/p>","protected":false},"featured_media":2170,"comment_status":"open","ping_status":"closed","template":"","meta":[],"product_brand":[],"product_cat":[123],"product_tag":[],"class_list":{"0":"post-2314","1":"product","2":"type-product","3":"status-publish","4":"has-post-thumbnail","6":"product_cat-prints","8":"first","9":"instock","10":"shipping-taxable","11":"purchasable","12":"product-type-simple"},"yoast_head":"<!-- This site is optimized with the Yoast SEO plugin v27.5 - https:\/\/yoast.com\/product\/yoast-seo-wordpress\/ -->\n<title>Apples of Magic (Canvas print) - Tadeyaart.si<\/title>\n<meta name=\"robots\" content=\"index, follow, max-snippet:-1, max-image-preview:large, max-video-preview:-1\" \/>\n<link rel=\"canonical\" href=\"https:\/\/tadeyaart.si\/sl\/izdelek\/apples-of-magic-canvas-print\/\" \/>\n<meta property=\"og:locale\" content=\"sl_SI\" \/>\n<meta property=\"og:type\" content=\"article\" \/>\n<meta property=\"og:title\" content=\"Apples of Magic (Canvas print) - Tadeyaart.si\" \/>\n<meta property=\"og:description\" content=\"The apples in the three spheres represent abundance, our potentials, hidden and already discovered. Therefore, the first sphere shows a lock and key in addition to the apple, the second the apple only and the third the apple and key. The red colour of the dress the woman is wearing shows that we have the power to access, to be aware and to we are discovering our potential, which will bring us abundance in all areas. 869  &nbsp;\" \/>\n<meta property=\"og:url\" content=\"https:\/\/tadeyaart.si\/sl\/izdelek\/apples-of-magic-canvas-print\/\" \/>\n<meta property=\"og:site_name\" content=\"Tadeyaart.si\" \/>\n<meta property=\"article:publisher\" content=\"https:\/\/www.facebook.com\/tadeja.divjak\" \/>\n<meta property=\"article:modified_time\" content=\"2026-01-23T17:54:36+00:00\" \/>\n<meta property=\"og:image\" content=\"https:\/\/tadeyaart.si\/wp-content\/uploads\/2023\/03\/jabolka-scaled.jpg\" \/>\n\t<meta property=\"og:image:width\" content=\"2560\" \/>\n\t<meta property=\"og:image:height\" content=\"2052\" \/>\n\t<meta property=\"og:image:type\" content=\"image\/jpeg\" \/>\n<meta name=\"twitter:card\" content=\"summary_large_image\" \/>\n<meta name=\"twitter:label1\" content=\"Est. reading time\" \/>\n\t<meta name=\"twitter:data1\" content=\"1 minuta\" \/>\n<script type=\"application\/ld+json\" class=\"yoast-schema-graph\">{\"@context\":\"https:\\\/\\\/schema.org\",\"@graph\":[{\"@type\":\"WebPage\",\"@id\":\"https:\\\/\\\/tadeyaart.si\\\/product\\\/apples-of-magic-canvas-print\\\/\",\"url\":\"https:\\\/\\\/tadeyaart.si\\\/product\\\/apples-of-magic-canvas-print\\\/\",\"name\":\"Apples of Magic (Canvas print) - Tadeyaart.si\",\"isPartOf\":{\"@id\":\"https:\\\/\\\/tadeyaart.si\\\/sl\\\/#website\"},\"primaryImageOfPage\":{\"@id\":\"https:\\\/\\\/tadeyaart.si\\\/product\\\/apples-of-magic-canvas-print\\\/#primaryimage\"},\"image\":{\"@id\":\"https:\\\/\\\/tadeyaart.si\\\/product\\\/apples-of-magic-canvas-print\\\/#primaryimage\"},\"thumbnailUrl\":\"https:\\\/\\\/i0.wp.com\\\/tadeyaart.si\\\/wp-content\\\/uploads\\\/2023\\\/03\\\/jabolka-scaled.jpg?fit=2560%2C2052&ssl=1\",\"datePublished\":\"2025-05-06T19:46:54+00:00\",\"dateModified\":\"2026-01-23T17:54:36+00:00\",\"breadcrumb\":{\"@id\":\"https:\\\/\\\/tadeyaart.si\\\/product\\\/apples-of-magic-canvas-print\\\/#breadcrumb\"},\"inLanguage\":\"sl-SI\",\"potentialAction\":[{\"@type\":\"ReadAction\",\"target\":[\"https:\\\/\\\/tadeyaart.si\\\/product\\\/apples-of-magic-canvas-print\\\/\"]}]},{\"@type\":\"ImageObject\",\"inLanguage\":\"sl-SI\",\"@id\":\"https:\\\/\\\/tadeyaart.si\\\/product\\\/apples-of-magic-canvas-print\\\/#primaryimage\",\"url\":\"https:\\\/\\\/i0.wp.com\\\/tadeyaart.si\\\/wp-content\\\/uploads\\\/2023\\\/03\\\/jabolka-scaled.jpg?fit=2560%2C2052&ssl=1\",\"contentUrl\":\"https:\\\/\\\/i0.wp.com\\\/tadeyaart.si\\\/wp-content\\\/uploads\\\/2023\\\/03\\\/jabolka-scaled.jpg?fit=2560%2C2052&ssl=1\",\"width\":2560,\"height\":2052},{\"@type\":\"BreadcrumbList\",\"@id\":\"https:\\\/\\\/tadeyaart.si\\\/product\\\/apples-of-magic-canvas-print\\\/#breadcrumb\",\"itemListElement\":[{\"@type\":\"ListItem\",\"position\":1,\"name\":\"Home\",\"item\":\"https:\\\/\\\/tadeyaart.si\\\/\"},{\"@type\":\"ListItem\",\"position\":2,\"name\":\"Shop\",\"item\":\"https:\\\/\\\/tadeyaart.si\\\/sl\\\/shop\\\/\"},{\"@type\":\"ListItem\",\"position\":3,\"name\":\"Apples of Magic (Canvas print)\"}]},{\"@type\":\"WebSite\",\"@id\":\"https:\\\/\\\/tadeyaart.si\\\/sl\\\/#website\",\"url\":\"https:\\\/\\\/tadeyaart.si\\\/sl\\\/\",\"name\":\"Tadeyaart.si\",\"description\":\"\",\"publisher\":{\"@id\":\"https:\\\/\\\/tadeyaart.si\\\/sl\\\/#\\\/schema\\\/person\\\/e37ca329fc9a59a828d7a527dfb3c444\"},\"potentialAction\":[{\"@type\":\"SearchAction\",\"target\":{\"@type\":\"EntryPoint\",\"urlTemplate\":\"https:\\\/\\\/tadeyaart.si\\\/sl\\\/?s={search_term_string}\"},\"query-input\":{\"@type\":\"PropertyValueSpecification\",\"valueRequired\":true,\"valueName\":\"search_term_string\"}}],\"inLanguage\":\"sl-SI\"},{\"@type\":[\"Person\",\"Organization\"],\"@id\":\"https:\\\/\\\/tadeyaart.si\\\/sl\\\/#\\\/schema\\\/person\\\/e37ca329fc9a59a828d7a527dfb3c444\",\"name\":\"tady\",\"image\":{\"@type\":\"ImageObject\",\"inLanguage\":\"sl-SI\",\"@id\":\"https:\\\/\\\/i0.wp.com\\\/tadeyaart.si\\\/wp-content\\\/uploads\\\/2022\\\/08\\\/tady_logo2.png?fit=500%2C167&ssl=1\",\"url\":\"https:\\\/\\\/i0.wp.com\\\/tadeyaart.si\\\/wp-content\\\/uploads\\\/2022\\\/08\\\/tady_logo2.png?fit=500%2C167&ssl=1\",\"contentUrl\":\"https:\\\/\\\/i0.wp.com\\\/tadeyaart.si\\\/wp-content\\\/uploads\\\/2022\\\/08\\\/tady_logo2.png?fit=500%2C167&ssl=1\",\"width\":500,\"height\":167,\"caption\":\"tady\"},\"logo\":{\"@id\":\"https:\\\/\\\/i0.wp.com\\\/tadeyaart.si\\\/wp-content\\\/uploads\\\/2022\\\/08\\\/tady_logo2.png?fit=500%2C167&ssl=1\"},\"sameAs\":[\"http:\\\/\\\/tadeyaart.si\",\"https:\\\/\\\/www.facebook.com\\\/tadeja.divjak\"]}]}<\/script>\n<!-- \/ Yoast SEO plugin. -->","yoast_head_json":{"title":"Apples of Magic (Canvas print) - Tadeyaart.si","robots":{"index":"index","follow":"follow","max-snippet":"max-snippet:-1","max-image-preview":"max-image-preview:large","max-video-preview":"max-video-preview:-1"},"canonical":"https:\/\/tadeyaart.si\/sl\/izdelek\/apples-of-magic-canvas-print\/","og_locale":"sl_SI","og_type":"article","og_title":"Apples of Magic (Canvas print) - Tadeyaart.si","og_description":"The apples in the three spheres represent abundance, our potentials, hidden and already discovered. Therefore, the first sphere shows a lock and key in addition to the apple, the second the apple only and the third the apple and key. The red colour of the dress the woman is wearing shows that we have the power to access, to be aware and to we are discovering our potential, which will bring us abundance in all areas. 869  &nbsp;","og_url":"https:\/\/tadeyaart.si\/sl\/izdelek\/apples-of-magic-canvas-print\/","og_site_name":"Tadeyaart.si","article_publisher":"https:\/\/www.facebook.com\/tadeja.divjak","article_modified_time":"2026-01-23T17:54:36+00:00","og_image":[{"width":2560,"height":2052,"url":"https:\/\/tadeyaart.si\/wp-content\/uploads\/2023\/03\/jabolka-scaled.jpg","type":"image\/jpeg"}],"twitter_card":"summary_large_image","twitter_misc":{"Est. reading time":"1 minuta"},"schema":{"@context":"https:\/\/schema.org","@graph":[{"@type":"WebPage","@id":"https:\/\/tadeyaart.si\/product\/apples-of-magic-canvas-print\/","url":"https:\/\/tadeyaart.si\/product\/apples-of-magic-canvas-print\/","name":"Apples of Magic (Canvas print) - Tadeyaart.si","isPartOf":{"@id":"https:\/\/tadeyaart.si\/sl\/#website"},"primaryImageOfPage":{"@id":"https:\/\/tadeyaart.si\/product\/apples-of-magic-canvas-print\/#primaryimage"},"image":{"@id":"https:\/\/tadeyaart.si\/product\/apples-of-magic-canvas-print\/#primaryimage"},"thumbnailUrl":"https:\/\/i0.wp.com\/tadeyaart.si\/wp-content\/uploads\/2023\/03\/jabolka-scaled.jpg?fit=2560%2C2052&ssl=1","datePublished":"2025-05-06T19:46:54+00:00","dateModified":"2026-01-23T17:54:36+00:00","breadcrumb":{"@id":"https:\/\/tadeyaart.si\/product\/apples-of-magic-canvas-print\/#breadcrumb"},"inLanguage":"sl-SI","potentialAction":[{"@type":"ReadAction","target":["https:\/\/tadeyaart.si\/product\/apples-of-magic-canvas-print\/"]}]},{"@type":"ImageObject","inLanguage":"sl-SI","@id":"https:\/\/tadeyaart.si\/product\/apples-of-magic-canvas-print\/#primaryimage","url":"https:\/\/i0.wp.com\/tadeyaart.si\/wp-content\/uploads\/2023\/03\/jabolka-scaled.jpg?fit=2560%2C2052&ssl=1","contentUrl":"https:\/\/i0.wp.com\/tadeyaart.si\/wp-content\/uploads\/2023\/03\/jabolka-scaled.jpg?fit=2560%2C2052&ssl=1","width":2560,"height":2052},{"@type":"BreadcrumbList","@id":"https:\/\/tadeyaart.si\/product\/apples-of-magic-canvas-print\/#breadcrumb","itemListElement":[{"@type":"ListItem","position":1,"name":"Home","item":"https:\/\/tadeyaart.si\/"},{"@type":"ListItem","position":2,"name":"Shop","item":"https:\/\/tadeyaart.si\/sl\/shop\/"},{"@type":"ListItem","position":3,"name":"Apples of Magic (Canvas print)"}]},{"@type":"WebSite","@id":"https:\/\/tadeyaart.si\/sl\/#website","url":"https:\/\/tadeyaart.si\/sl\/","name":"Tadeyaart.si","description":"","publisher":{"@id":"https:\/\/tadeyaart.si\/sl\/#\/schema\/person\/e37ca329fc9a59a828d7a527dfb3c444"},"potentialAction":[{"@type":"SearchAction","target":{"@type":"EntryPoint","urlTemplate":"https:\/\/tadeyaart.si\/sl\/?s={search_term_string}"},"query-input":{"@type":"PropertyValueSpecification","valueRequired":true,"valueName":"search_term_string"}}],"inLanguage":"sl-SI"},{"@type":["Person","Organization"],"@id":"https:\/\/tadeyaart.si\/sl\/#\/schema\/person\/e37ca329fc9a59a828d7a527dfb3c444","name":"tady","image":{"@type":"ImageObject","inLanguage":"sl-SI","@id":"https:\/\/i0.wp.com\/tadeyaart.si\/wp-content\/uploads\/2022\/08\/tady_logo2.png?fit=500%2C167&ssl=1","url":"https:\/\/i0.wp.com\/tadeyaart.si\/wp-content\/uploads\/2022\/08\/tady_logo2.png?fit=500%2C167&ssl=1","contentUrl":"https:\/\/i0.wp.com\/tadeyaart.si\/wp-content\/uploads\/2022\/08\/tady_logo2.png?fit=500%2C167&ssl=1","width":500,"height":167,"caption":"tady"},"logo":{"@id":"https:\/\/i0.wp.com\/tadeyaart.si\/wp-content\/uploads\/2022\/08\/tady_logo2.png?fit=500%2C167&ssl=1"},"sameAs":["http:\/\/tadeyaart.si","https:\/\/www.facebook.com\/tadeja.divjak"]}]}},"jetpack-related-posts":[],"jetpack_sharing_enabled":true,"_links":{"self":[{"href":"https:\/\/tadeyaart.si\/sl\/wp-json\/wp\/v2\/product\/2314","targetHints":{"allow":["GET"]}}],"collection":[{"href":"https:\/\/tadeyaart.si\/sl\/wp-json\/wp\/v2\/product"}],"about":[{"href":"https:\/\/tadeyaart.si\/sl\/wp-json\/wp\/v2\/types\/product"}],"replies":[{"embeddable":true,"href":"https:\/\/tadeyaart.si\/sl\/wp-json\/wp\/v2\/comments?post=2314"}],"wp:featuredmedia":[{"embeddable":true,"href":"https:\/\/tadeyaart.si\/sl\/wp-json\/wp\/v2\/media\/2170"}],"wp:attachment":[{"href":"https:\/\/tadeyaart.si\/sl\/wp-json\/wp\/v2\/media?parent=2314"}],"wp:term":[{"taxonomy":"product_brand","embeddable":true,"href":"https:\/\/tadeyaart.si\/sl\/wp-json\/wp\/v2\/product_brand?post=2314"},{"taxonomy":"product_cat","embeddable":true,"href":"https:\/\/tadeyaart.si\/sl\/wp-json\/wp\/v2\/product_cat?post=2314"},{"taxonomy":"product_tag","embeddable":true,"href":"https:\/\/tadeyaart.si\/sl\/wp-json\/wp\/v2\/product_tag?post=2314"}],"curies":[{"name":"wp","href":"https:\/\/api.w.org\/{rel}","templated":true}]}}