{"id":2317,"date":"2025-05-06T21:59:42","date_gmt":"2025-05-06T19:59:42","guid":{"rendered":"https:\/\/tadeyaart.si\/?post_type=product&#038;p=2317"},"modified":"2026-01-23T18:54:36","modified_gmt":"2026-01-23T17:54:36","slug":"axis-mundi-canvas-print","status":"publish","type":"product","link":"https:\/\/tadeyaart.si\/sl\/izdelek\/axis-mundi-canvas-print\/","title":{"rendered":"Axis mundi ( Tisk na platnu )"},"content":{"rendered":"","protected":false},"excerpt":{"rendered":"<p>Slika prikazuje Axis mundi \u2013 os sveta, torej steber energije, ki poteka iz sredi\u0161\u010da Zemlje in se nadaljuje v neskon\u010dnost vesolja.\n\nLotosov cvet predstavlja povezavo z Univerzumom.\nSrce nakazuje povezavo s sr\u010dno \u010dakro, korenine, ki izhajajo iz srca, pa simbolizirajo povezavo z Zemljo.\n\nV ozadju je mre\u017ea 64 tetraedrov \u2013 temeljna fraktalno-hologramska geometrija \u010dasa in prostora. Gre za kombinacijo Ro\u017ee \u017eivljenja in Metatronove kocke, sestavljeno iz 64 tetraedrov. Ko opazujemo ta simbol, nas vra\u010da k na\u0161i izvorni snovi, v ravnovesje. Ustvarja geometri\u010dno polje visokih frekvenc.\n\n\u221eDvig na\u0161e lastne osi sveta povzro\u010di porast energije v na\u0161em telesu\u221e.<br \/>\nThe lotus flower represents the connection to the Universe.<br \/>\nThe heart indicates a connection to the heart chakra, and the roots from the heart indicate a connection to the earth.<br \/>\nIn the background you can see a grid of 64 Tetrahedra : the fundamental fractal-hologram geometry of time and space.It is a combination of the Flower of Life and Metatron&#8217;s Cube, composed of 64 tetrahedra. When we observe this symbol, it brings us back to our own dust, to balance. It creates a geometric field of high frequencies. <span style=\"font-size: 4px;\">869<\/span><\/p>","protected":false},"featured_media":2164,"comment_status":"open","ping_status":"closed","template":"","meta":[],"product_brand":[],"product_cat":[123],"product_tag":[],"class_list":{"0":"post-2317","1":"product","2":"type-product","3":"status-publish","4":"has-post-thumbnail","6":"product_cat-prints","8":"first","9":"instock","10":"shipping-taxable","11":"purchasable","12":"product-type-simple"},"yoast_head":"<!-- This site is optimized with the Yoast SEO plugin v27.5 - https:\/\/yoast.com\/product\/yoast-seo-wordpress\/ -->\n<title>Axis mundi (Canvas print) - Tadeyaart.si<\/title>\n<meta name=\"robots\" content=\"index, follow, max-snippet:-1, max-image-preview:large, max-video-preview:-1\" \/>\n<link rel=\"canonical\" href=\"https:\/\/tadeyaart.si\/sl\/izdelek\/axis-mundi-canvas-print\/\" \/>\n<meta property=\"og:locale\" content=\"sl_SI\" \/>\n<meta property=\"og:type\" content=\"article\" \/>\n<meta property=\"og:title\" content=\"Axis mundi (Canvas print) - Tadeyaart.si\" \/>\n<meta property=\"og:description\" content=\"The picture shows the Axis mundi - the axis of the world, that is, the pillar of energy that runs from the centre of the earth and continues into the infinity of the universe. The lotus flower represents the connection to the Universe. The heart indicates a connection to the heart chakra, and the roots from the heart indicate a connection to the earth. In the background you can see a grid of 64 Tetrahedra : the fundamental fractal-hologram geometry of time and space.It is a combination of the Flower of Life and Metatron&#039;s Cube, composed of 64 tetrahedra. When we observe this symbol, it brings us back to our own dust, to balance. It creates a geometric field of high frequencies. 869\" \/>\n<meta property=\"og:url\" content=\"https:\/\/tadeyaart.si\/sl\/izdelek\/axis-mundi-canvas-print\/\" \/>\n<meta property=\"og:site_name\" content=\"Tadeyaart.si\" \/>\n<meta property=\"article:publisher\" content=\"https:\/\/www.facebook.com\/tadeja.divjak\" \/>\n<meta property=\"article:modified_time\" content=\"2026-01-23T17:54:36+00:00\" \/>\n<meta property=\"og:image\" content=\"https:\/\/tadeyaart.si\/wp-content\/uploads\/2023\/03\/heart.jpg\" \/>\n\t<meta property=\"og:image:width\" content=\"1080\" \/>\n\t<meta property=\"og:image:height\" content=\"1347\" \/>\n\t<meta property=\"og:image:type\" content=\"image\/jpeg\" \/>\n<meta name=\"twitter:card\" content=\"summary_large_image\" \/>\n<meta name=\"twitter:label1\" content=\"Est. reading time\" \/>\n\t<meta name=\"twitter:data1\" content=\"1 minuta\" \/>\n<script type=\"application\/ld+json\" class=\"yoast-schema-graph\">{\"@context\":\"https:\\\/\\\/schema.org\",\"@graph\":[{\"@type\":\"WebPage\",\"@id\":\"https:\\\/\\\/tadeyaart.si\\\/product\\\/axis-mundi-canvas-print\\\/\",\"url\":\"https:\\\/\\\/tadeyaart.si\\\/product\\\/axis-mundi-canvas-print\\\/\",\"name\":\"Axis mundi (Canvas print) - Tadeyaart.si\",\"isPartOf\":{\"@id\":\"https:\\\/\\\/tadeyaart.si\\\/sl\\\/#website\"},\"primaryImageOfPage\":{\"@id\":\"https:\\\/\\\/tadeyaart.si\\\/product\\\/axis-mundi-canvas-print\\\/#primaryimage\"},\"image\":{\"@id\":\"https:\\\/\\\/tadeyaart.si\\\/product\\\/axis-mundi-canvas-print\\\/#primaryimage\"},\"thumbnailUrl\":\"https:\\\/\\\/i0.wp.com\\\/tadeyaart.si\\\/wp-content\\\/uploads\\\/2023\\\/03\\\/heart.jpg?fit=1080%2C1347&ssl=1\",\"datePublished\":\"2025-05-06T19:59:42+00:00\",\"dateModified\":\"2026-01-23T17:54:36+00:00\",\"breadcrumb\":{\"@id\":\"https:\\\/\\\/tadeyaart.si\\\/product\\\/axis-mundi-canvas-print\\\/#breadcrumb\"},\"inLanguage\":\"sl-SI\",\"potentialAction\":[{\"@type\":\"ReadAction\",\"target\":[\"https:\\\/\\\/tadeyaart.si\\\/product\\\/axis-mundi-canvas-print\\\/\"]}]},{\"@type\":\"ImageObject\",\"inLanguage\":\"sl-SI\",\"@id\":\"https:\\\/\\\/tadeyaart.si\\\/product\\\/axis-mundi-canvas-print\\\/#primaryimage\",\"url\":\"https:\\\/\\\/i0.wp.com\\\/tadeyaart.si\\\/wp-content\\\/uploads\\\/2023\\\/03\\\/heart.jpg?fit=1080%2C1347&ssl=1\",\"contentUrl\":\"https:\\\/\\\/i0.wp.com\\\/tadeyaart.si\\\/wp-content\\\/uploads\\\/2023\\\/03\\\/heart.jpg?fit=1080%2C1347&ssl=1\",\"width\":1080,\"height\":1347},{\"@type\":\"BreadcrumbList\",\"@id\":\"https:\\\/\\\/tadeyaart.si\\\/product\\\/axis-mundi-canvas-print\\\/#breadcrumb\",\"itemListElement\":[{\"@type\":\"ListItem\",\"position\":1,\"name\":\"Home\",\"item\":\"https:\\\/\\\/tadeyaart.si\\\/\"},{\"@type\":\"ListItem\",\"position\":2,\"name\":\"Shop\",\"item\":\"https:\\\/\\\/tadeyaart.si\\\/sl\\\/shop\\\/\"},{\"@type\":\"ListItem\",\"position\":3,\"name\":\"Axis mundi (Canvas print)\"}]},{\"@type\":\"WebSite\",\"@id\":\"https:\\\/\\\/tadeyaart.si\\\/sl\\\/#website\",\"url\":\"https:\\\/\\\/tadeyaart.si\\\/sl\\\/\",\"name\":\"Tadeyaart.si\",\"description\":\"\",\"publisher\":{\"@id\":\"https:\\\/\\\/tadeyaart.si\\\/sl\\\/#\\\/schema\\\/person\\\/e37ca329fc9a59a828d7a527dfb3c444\"},\"potentialAction\":[{\"@type\":\"SearchAction\",\"target\":{\"@type\":\"EntryPoint\",\"urlTemplate\":\"https:\\\/\\\/tadeyaart.si\\\/sl\\\/?s={search_term_string}\"},\"query-input\":{\"@type\":\"PropertyValueSpecification\",\"valueRequired\":true,\"valueName\":\"search_term_string\"}}],\"inLanguage\":\"sl-SI\"},{\"@type\":[\"Person\",\"Organization\"],\"@id\":\"https:\\\/\\\/tadeyaart.si\\\/sl\\\/#\\\/schema\\\/person\\\/e37ca329fc9a59a828d7a527dfb3c444\",\"name\":\"tady\",\"image\":{\"@type\":\"ImageObject\",\"inLanguage\":\"sl-SI\",\"@id\":\"https:\\\/\\\/i0.wp.com\\\/tadeyaart.si\\\/wp-content\\\/uploads\\\/2022\\\/08\\\/tady_logo2.png?fit=500%2C167&ssl=1\",\"url\":\"https:\\\/\\\/i0.wp.com\\\/tadeyaart.si\\\/wp-content\\\/uploads\\\/2022\\\/08\\\/tady_logo2.png?fit=500%2C167&ssl=1\",\"contentUrl\":\"https:\\\/\\\/i0.wp.com\\\/tadeyaart.si\\\/wp-content\\\/uploads\\\/2022\\\/08\\\/tady_logo2.png?fit=500%2C167&ssl=1\",\"width\":500,\"height\":167,\"caption\":\"tady\"},\"logo\":{\"@id\":\"https:\\\/\\\/i0.wp.com\\\/tadeyaart.si\\\/wp-content\\\/uploads\\\/2022\\\/08\\\/tady_logo2.png?fit=500%2C167&ssl=1\"},\"sameAs\":[\"http:\\\/\\\/tadeyaart.si\",\"https:\\\/\\\/www.facebook.com\\\/tadeja.divjak\"]}]}<\/script>\n<!-- \/ Yoast SEO plugin. -->","yoast_head_json":{"title":"Axis mundi (Canvas print) - Tadeyaart.si","robots":{"index":"index","follow":"follow","max-snippet":"max-snippet:-1","max-image-preview":"max-image-preview:large","max-video-preview":"max-video-preview:-1"},"canonical":"https:\/\/tadeyaart.si\/sl\/izdelek\/axis-mundi-canvas-print\/","og_locale":"sl_SI","og_type":"article","og_title":"Axis mundi (Canvas print) - Tadeyaart.si","og_description":"The picture shows the Axis mundi - the axis of the world, that is, the pillar of energy that runs from the centre of the earth and continues into the infinity of the universe. The lotus flower represents the connection to the Universe. The heart indicates a connection to the heart chakra, and the roots from the heart indicate a connection to the earth. In the background you can see a grid of 64 Tetrahedra : the fundamental fractal-hologram geometry of time and space.It is a combination of the Flower of Life and Metatron's Cube, composed of 64 tetrahedra. When we observe this symbol, it brings us back to our own dust, to balance. It creates a geometric field of high frequencies. 869","og_url":"https:\/\/tadeyaart.si\/sl\/izdelek\/axis-mundi-canvas-print\/","og_site_name":"Tadeyaart.si","article_publisher":"https:\/\/www.facebook.com\/tadeja.divjak","article_modified_time":"2026-01-23T17:54:36+00:00","og_image":[{"width":1080,"height":1347,"url":"https:\/\/tadeyaart.si\/wp-content\/uploads\/2023\/03\/heart.jpg","type":"image\/jpeg"}],"twitter_card":"summary_large_image","twitter_misc":{"Est. reading time":"1 minuta"},"schema":{"@context":"https:\/\/schema.org","@graph":[{"@type":"WebPage","@id":"https:\/\/tadeyaart.si\/product\/axis-mundi-canvas-print\/","url":"https:\/\/tadeyaart.si\/product\/axis-mundi-canvas-print\/","name":"Axis mundi (Canvas print) - Tadeyaart.si","isPartOf":{"@id":"https:\/\/tadeyaart.si\/sl\/#website"},"primaryImageOfPage":{"@id":"https:\/\/tadeyaart.si\/product\/axis-mundi-canvas-print\/#primaryimage"},"image":{"@id":"https:\/\/tadeyaart.si\/product\/axis-mundi-canvas-print\/#primaryimage"},"thumbnailUrl":"https:\/\/i0.wp.com\/tadeyaart.si\/wp-content\/uploads\/2023\/03\/heart.jpg?fit=1080%2C1347&ssl=1","datePublished":"2025-05-06T19:59:42+00:00","dateModified":"2026-01-23T17:54:36+00:00","breadcrumb":{"@id":"https:\/\/tadeyaart.si\/product\/axis-mundi-canvas-print\/#breadcrumb"},"inLanguage":"sl-SI","potentialAction":[{"@type":"ReadAction","target":["https:\/\/tadeyaart.si\/product\/axis-mundi-canvas-print\/"]}]},{"@type":"ImageObject","inLanguage":"sl-SI","@id":"https:\/\/tadeyaart.si\/product\/axis-mundi-canvas-print\/#primaryimage","url":"https:\/\/i0.wp.com\/tadeyaart.si\/wp-content\/uploads\/2023\/03\/heart.jpg?fit=1080%2C1347&ssl=1","contentUrl":"https:\/\/i0.wp.com\/tadeyaart.si\/wp-content\/uploads\/2023\/03\/heart.jpg?fit=1080%2C1347&ssl=1","width":1080,"height":1347},{"@type":"BreadcrumbList","@id":"https:\/\/tadeyaart.si\/product\/axis-mundi-canvas-print\/#breadcrumb","itemListElement":[{"@type":"ListItem","position":1,"name":"Home","item":"https:\/\/tadeyaart.si\/"},{"@type":"ListItem","position":2,"name":"Shop","item":"https:\/\/tadeyaart.si\/sl\/shop\/"},{"@type":"ListItem","position":3,"name":"Axis mundi (Canvas print)"}]},{"@type":"WebSite","@id":"https:\/\/tadeyaart.si\/sl\/#website","url":"https:\/\/tadeyaart.si\/sl\/","name":"Tadeyaart.si","description":"","publisher":{"@id":"https:\/\/tadeyaart.si\/sl\/#\/schema\/person\/e37ca329fc9a59a828d7a527dfb3c444"},"potentialAction":[{"@type":"SearchAction","target":{"@type":"EntryPoint","urlTemplate":"https:\/\/tadeyaart.si\/sl\/?s={search_term_string}"},"query-input":{"@type":"PropertyValueSpecification","valueRequired":true,"valueName":"search_term_string"}}],"inLanguage":"sl-SI"},{"@type":["Person","Organization"],"@id":"https:\/\/tadeyaart.si\/sl\/#\/schema\/person\/e37ca329fc9a59a828d7a527dfb3c444","name":"tady","image":{"@type":"ImageObject","inLanguage":"sl-SI","@id":"https:\/\/i0.wp.com\/tadeyaart.si\/wp-content\/uploads\/2022\/08\/tady_logo2.png?fit=500%2C167&ssl=1","url":"https:\/\/i0.wp.com\/tadeyaart.si\/wp-content\/uploads\/2022\/08\/tady_logo2.png?fit=500%2C167&ssl=1","contentUrl":"https:\/\/i0.wp.com\/tadeyaart.si\/wp-content\/uploads\/2022\/08\/tady_logo2.png?fit=500%2C167&ssl=1","width":500,"height":167,"caption":"tady"},"logo":{"@id":"https:\/\/i0.wp.com\/tadeyaart.si\/wp-content\/uploads\/2022\/08\/tady_logo2.png?fit=500%2C167&ssl=1"},"sameAs":["http:\/\/tadeyaart.si","https:\/\/www.facebook.com\/tadeja.divjak"]}]}},"jetpack-related-posts":[],"jetpack_sharing_enabled":true,"_links":{"self":[{"href":"https:\/\/tadeyaart.si\/sl\/wp-json\/wp\/v2\/product\/2317","targetHints":{"allow":["GET"]}}],"collection":[{"href":"https:\/\/tadeyaart.si\/sl\/wp-json\/wp\/v2\/product"}],"about":[{"href":"https:\/\/tadeyaart.si\/sl\/wp-json\/wp\/v2\/types\/product"}],"replies":[{"embeddable":true,"href":"https:\/\/tadeyaart.si\/sl\/wp-json\/wp\/v2\/comments?post=2317"}],"wp:featuredmedia":[{"embeddable":true,"href":"https:\/\/tadeyaart.si\/sl\/wp-json\/wp\/v2\/media\/2164"}],"wp:attachment":[{"href":"https:\/\/tadeyaart.si\/sl\/wp-json\/wp\/v2\/media?parent=2317"}],"wp:term":[{"taxonomy":"product_brand","embeddable":true,"href":"https:\/\/tadeyaart.si\/sl\/wp-json\/wp\/v2\/product_brand?post=2317"},{"taxonomy":"product_cat","embeddable":true,"href":"https:\/\/tadeyaart.si\/sl\/wp-json\/wp\/v2\/product_cat?post=2317"},{"taxonomy":"product_tag","embeddable":true,"href":"https:\/\/tadeyaart.si\/sl\/wp-json\/wp\/v2\/product_tag?post=2317"}],"curies":[{"name":"wp","href":"https:\/\/api.w.org\/{rel}","templated":true}]}}