{"id":2330,"date":"2025-05-08T21:38:01","date_gmt":"2025-05-08T19:38:01","guid":{"rendered":"https:\/\/tadeyaart.si\/?post_type=product&#038;p=2330"},"modified":"2026-01-23T18:54:36","modified_gmt":"2026-01-23T17:54:36","slug":"dimensional-portal-canvas-print","status":"publish","type":"product","link":"https:\/\/tadeyaart.si\/sl\/izdelek\/dimensional-portal-canvas-print\/","title":{"rendered":"Dimenzionalni portal  ( Tisk na platnu )"},"content":{"rendered":"","protected":false},"excerpt":{"rendered":"<p>Slika prikazuje prehod ali portal v vi\u0161jo dimenzijo. V Multiverzum. V drug kraj in \u010das. Hobotnice so zelo inteligentna bitja, ki me navdu\u0161ujejo, imajo modro kri, zato je barva hobotnic modra. Prav tako imajo tri srca, zato so tudi v treh mehur\u010dkih. Nekateri jih opisujejo kot nezemeljska bitja. <span style=\"font-size: 4px;\">869<\/span><\/p>\n<p>&nbsp;<\/p>","protected":false},"featured_media":2362,"comment_status":"open","ping_status":"closed","template":"","meta":[],"product_brand":[],"product_cat":[123],"product_tag":[],"class_list":{"0":"post-2330","1":"product","2":"type-product","3":"status-publish","4":"has-post-thumbnail","6":"product_cat-prints","8":"first","9":"instock","10":"shipping-taxable","11":"purchasable","12":"product-type-simple"},"yoast_head":"<!-- This site is optimized with the Yoast SEO plugin v27.5 - https:\/\/yoast.com\/product\/yoast-seo-wordpress\/ -->\n<title>Dimensional Portal (Canvas print) - Tadeyaart.si<\/title>\n<meta name=\"robots\" content=\"index, follow, max-snippet:-1, max-image-preview:large, max-video-preview:-1\" \/>\n<link rel=\"canonical\" href=\"https:\/\/tadeyaart.si\/sl\/izdelek\/dimensional-portal-canvas-print\/\" \/>\n<meta property=\"og:locale\" content=\"sl_SI\" \/>\n<meta property=\"og:type\" content=\"article\" \/>\n<meta property=\"og:title\" content=\"Dimensional Portal (Canvas print) - Tadeyaart.si\" \/>\n<meta property=\"og:description\" content=\"Painting shows a passage or portal to a higher dimension. In Multiverse. To another place and time. Octopuses are highly intelligent creatures that fascinate me, they have blue blood, so the colour of octopuses is blue. They also have three hearts, so they are also in three bubbles. Some describe them as alien beings. 869  &nbsp;\" \/>\n<meta property=\"og:url\" content=\"https:\/\/tadeyaart.si\/sl\/izdelek\/dimensional-portal-canvas-print\/\" \/>\n<meta property=\"og:site_name\" content=\"Tadeyaart.si\" \/>\n<meta property=\"article:publisher\" content=\"https:\/\/www.facebook.com\/tadeja.divjak\" \/>\n<meta property=\"article:modified_time\" content=\"2026-01-23T17:54:36+00:00\" \/>\n<meta property=\"og:image\" content=\"https:\/\/tadeyaart.si\/wp-content\/uploads\/2022\/08\/20250412_165015-scaled.jpg\" \/>\n\t<meta property=\"og:image:width\" content=\"2560\" \/>\n\t<meta property=\"og:image:height\" content=\"2145\" \/>\n\t<meta property=\"og:image:type\" content=\"image\/jpeg\" \/>\n<meta name=\"twitter:card\" content=\"summary_large_image\" \/>\n<meta name=\"twitter:label1\" content=\"Est. reading time\" \/>\n\t<meta name=\"twitter:data1\" content=\"1 minuta\" \/>\n<script type=\"application\/ld+json\" class=\"yoast-schema-graph\">{\"@context\":\"https:\\\/\\\/schema.org\",\"@graph\":[{\"@type\":\"WebPage\",\"@id\":\"https:\\\/\\\/tadeyaart.si\\\/product\\\/dimensional-portal-canvas-print\\\/\",\"url\":\"https:\\\/\\\/tadeyaart.si\\\/product\\\/dimensional-portal-canvas-print\\\/\",\"name\":\"Dimensional Portal (Canvas print) - Tadeyaart.si\",\"isPartOf\":{\"@id\":\"https:\\\/\\\/tadeyaart.si\\\/sl\\\/#website\"},\"primaryImageOfPage\":{\"@id\":\"https:\\\/\\\/tadeyaart.si\\\/product\\\/dimensional-portal-canvas-print\\\/#primaryimage\"},\"image\":{\"@id\":\"https:\\\/\\\/tadeyaart.si\\\/product\\\/dimensional-portal-canvas-print\\\/#primaryimage\"},\"thumbnailUrl\":\"https:\\\/\\\/i0.wp.com\\\/tadeyaart.si\\\/wp-content\\\/uploads\\\/2022\\\/08\\\/20250412_165015-scaled.jpg?fit=2560%2C2145&ssl=1\",\"datePublished\":\"2025-05-08T19:38:01+00:00\",\"dateModified\":\"2026-01-23T17:54:36+00:00\",\"breadcrumb\":{\"@id\":\"https:\\\/\\\/tadeyaart.si\\\/product\\\/dimensional-portal-canvas-print\\\/#breadcrumb\"},\"inLanguage\":\"sl-SI\",\"potentialAction\":[{\"@type\":\"ReadAction\",\"target\":[\"https:\\\/\\\/tadeyaart.si\\\/product\\\/dimensional-portal-canvas-print\\\/\"]}]},{\"@type\":\"ImageObject\",\"inLanguage\":\"sl-SI\",\"@id\":\"https:\\\/\\\/tadeyaart.si\\\/product\\\/dimensional-portal-canvas-print\\\/#primaryimage\",\"url\":\"https:\\\/\\\/i0.wp.com\\\/tadeyaart.si\\\/wp-content\\\/uploads\\\/2022\\\/08\\\/20250412_165015-scaled.jpg?fit=2560%2C2145&ssl=1\",\"contentUrl\":\"https:\\\/\\\/i0.wp.com\\\/tadeyaart.si\\\/wp-content\\\/uploads\\\/2022\\\/08\\\/20250412_165015-scaled.jpg?fit=2560%2C2145&ssl=1\",\"width\":2560,\"height\":2145},{\"@type\":\"BreadcrumbList\",\"@id\":\"https:\\\/\\\/tadeyaart.si\\\/product\\\/dimensional-portal-canvas-print\\\/#breadcrumb\",\"itemListElement\":[{\"@type\":\"ListItem\",\"position\":1,\"name\":\"Home\",\"item\":\"https:\\\/\\\/tadeyaart.si\\\/\"},{\"@type\":\"ListItem\",\"position\":2,\"name\":\"Shop\",\"item\":\"https:\\\/\\\/tadeyaart.si\\\/sl\\\/shop\\\/\"},{\"@type\":\"ListItem\",\"position\":3,\"name\":\"Dimensional Portal (Canvas print)\"}]},{\"@type\":\"WebSite\",\"@id\":\"https:\\\/\\\/tadeyaart.si\\\/sl\\\/#website\",\"url\":\"https:\\\/\\\/tadeyaart.si\\\/sl\\\/\",\"name\":\"Tadeyaart.si\",\"description\":\"\",\"publisher\":{\"@id\":\"https:\\\/\\\/tadeyaart.si\\\/sl\\\/#\\\/schema\\\/person\\\/e37ca329fc9a59a828d7a527dfb3c444\"},\"potentialAction\":[{\"@type\":\"SearchAction\",\"target\":{\"@type\":\"EntryPoint\",\"urlTemplate\":\"https:\\\/\\\/tadeyaart.si\\\/sl\\\/?s={search_term_string}\"},\"query-input\":{\"@type\":\"PropertyValueSpecification\",\"valueRequired\":true,\"valueName\":\"search_term_string\"}}],\"inLanguage\":\"sl-SI\"},{\"@type\":[\"Person\",\"Organization\"],\"@id\":\"https:\\\/\\\/tadeyaart.si\\\/sl\\\/#\\\/schema\\\/person\\\/e37ca329fc9a59a828d7a527dfb3c444\",\"name\":\"tady\",\"image\":{\"@type\":\"ImageObject\",\"inLanguage\":\"sl-SI\",\"@id\":\"https:\\\/\\\/i0.wp.com\\\/tadeyaart.si\\\/wp-content\\\/uploads\\\/2022\\\/08\\\/tady_logo2.png?fit=500%2C167&ssl=1\",\"url\":\"https:\\\/\\\/i0.wp.com\\\/tadeyaart.si\\\/wp-content\\\/uploads\\\/2022\\\/08\\\/tady_logo2.png?fit=500%2C167&ssl=1\",\"contentUrl\":\"https:\\\/\\\/i0.wp.com\\\/tadeyaart.si\\\/wp-content\\\/uploads\\\/2022\\\/08\\\/tady_logo2.png?fit=500%2C167&ssl=1\",\"width\":500,\"height\":167,\"caption\":\"tady\"},\"logo\":{\"@id\":\"https:\\\/\\\/i0.wp.com\\\/tadeyaart.si\\\/wp-content\\\/uploads\\\/2022\\\/08\\\/tady_logo2.png?fit=500%2C167&ssl=1\"},\"sameAs\":[\"http:\\\/\\\/tadeyaart.si\",\"https:\\\/\\\/www.facebook.com\\\/tadeja.divjak\"]}]}<\/script>\n<!-- \/ Yoast SEO plugin. -->","yoast_head_json":{"title":"Dimensional Portal (Canvas print) - Tadeyaart.si","robots":{"index":"index","follow":"follow","max-snippet":"max-snippet:-1","max-image-preview":"max-image-preview:large","max-video-preview":"max-video-preview:-1"},"canonical":"https:\/\/tadeyaart.si\/sl\/izdelek\/dimensional-portal-canvas-print\/","og_locale":"sl_SI","og_type":"article","og_title":"Dimensional Portal (Canvas print) - Tadeyaart.si","og_description":"Painting shows a passage or portal to a higher dimension. In Multiverse. To another place and time. Octopuses are highly intelligent creatures that fascinate me, they have blue blood, so the colour of octopuses is blue. They also have three hearts, so they are also in three bubbles. Some describe them as alien beings. 869  &nbsp;","og_url":"https:\/\/tadeyaart.si\/sl\/izdelek\/dimensional-portal-canvas-print\/","og_site_name":"Tadeyaart.si","article_publisher":"https:\/\/www.facebook.com\/tadeja.divjak","article_modified_time":"2026-01-23T17:54:36+00:00","og_image":[{"width":2560,"height":2145,"url":"https:\/\/tadeyaart.si\/wp-content\/uploads\/2022\/08\/20250412_165015-scaled.jpg","type":"image\/jpeg"}],"twitter_card":"summary_large_image","twitter_misc":{"Est. reading time":"1 minuta"},"schema":{"@context":"https:\/\/schema.org","@graph":[{"@type":"WebPage","@id":"https:\/\/tadeyaart.si\/product\/dimensional-portal-canvas-print\/","url":"https:\/\/tadeyaart.si\/product\/dimensional-portal-canvas-print\/","name":"Dimensional Portal (Canvas print) - Tadeyaart.si","isPartOf":{"@id":"https:\/\/tadeyaart.si\/sl\/#website"},"primaryImageOfPage":{"@id":"https:\/\/tadeyaart.si\/product\/dimensional-portal-canvas-print\/#primaryimage"},"image":{"@id":"https:\/\/tadeyaart.si\/product\/dimensional-portal-canvas-print\/#primaryimage"},"thumbnailUrl":"https:\/\/i0.wp.com\/tadeyaart.si\/wp-content\/uploads\/2022\/08\/20250412_165015-scaled.jpg?fit=2560%2C2145&ssl=1","datePublished":"2025-05-08T19:38:01+00:00","dateModified":"2026-01-23T17:54:36+00:00","breadcrumb":{"@id":"https:\/\/tadeyaart.si\/product\/dimensional-portal-canvas-print\/#breadcrumb"},"inLanguage":"sl-SI","potentialAction":[{"@type":"ReadAction","target":["https:\/\/tadeyaart.si\/product\/dimensional-portal-canvas-print\/"]}]},{"@type":"ImageObject","inLanguage":"sl-SI","@id":"https:\/\/tadeyaart.si\/product\/dimensional-portal-canvas-print\/#primaryimage","url":"https:\/\/i0.wp.com\/tadeyaart.si\/wp-content\/uploads\/2022\/08\/20250412_165015-scaled.jpg?fit=2560%2C2145&ssl=1","contentUrl":"https:\/\/i0.wp.com\/tadeyaart.si\/wp-content\/uploads\/2022\/08\/20250412_165015-scaled.jpg?fit=2560%2C2145&ssl=1","width":2560,"height":2145},{"@type":"BreadcrumbList","@id":"https:\/\/tadeyaart.si\/product\/dimensional-portal-canvas-print\/#breadcrumb","itemListElement":[{"@type":"ListItem","position":1,"name":"Home","item":"https:\/\/tadeyaart.si\/"},{"@type":"ListItem","position":2,"name":"Shop","item":"https:\/\/tadeyaart.si\/sl\/shop\/"},{"@type":"ListItem","position":3,"name":"Dimensional Portal (Canvas print)"}]},{"@type":"WebSite","@id":"https:\/\/tadeyaart.si\/sl\/#website","url":"https:\/\/tadeyaart.si\/sl\/","name":"Tadeyaart.si","description":"","publisher":{"@id":"https:\/\/tadeyaart.si\/sl\/#\/schema\/person\/e37ca329fc9a59a828d7a527dfb3c444"},"potentialAction":[{"@type":"SearchAction","target":{"@type":"EntryPoint","urlTemplate":"https:\/\/tadeyaart.si\/sl\/?s={search_term_string}"},"query-input":{"@type":"PropertyValueSpecification","valueRequired":true,"valueName":"search_term_string"}}],"inLanguage":"sl-SI"},{"@type":["Person","Organization"],"@id":"https:\/\/tadeyaart.si\/sl\/#\/schema\/person\/e37ca329fc9a59a828d7a527dfb3c444","name":"tady","image":{"@type":"ImageObject","inLanguage":"sl-SI","@id":"https:\/\/i0.wp.com\/tadeyaart.si\/wp-content\/uploads\/2022\/08\/tady_logo2.png?fit=500%2C167&ssl=1","url":"https:\/\/i0.wp.com\/tadeyaart.si\/wp-content\/uploads\/2022\/08\/tady_logo2.png?fit=500%2C167&ssl=1","contentUrl":"https:\/\/i0.wp.com\/tadeyaart.si\/wp-content\/uploads\/2022\/08\/tady_logo2.png?fit=500%2C167&ssl=1","width":500,"height":167,"caption":"tady"},"logo":{"@id":"https:\/\/i0.wp.com\/tadeyaart.si\/wp-content\/uploads\/2022\/08\/tady_logo2.png?fit=500%2C167&ssl=1"},"sameAs":["http:\/\/tadeyaart.si","https:\/\/www.facebook.com\/tadeja.divjak"]}]}},"jetpack-related-posts":[],"jetpack_sharing_enabled":true,"_links":{"self":[{"href":"https:\/\/tadeyaart.si\/sl\/wp-json\/wp\/v2\/product\/2330","targetHints":{"allow":["GET"]}}],"collection":[{"href":"https:\/\/tadeyaart.si\/sl\/wp-json\/wp\/v2\/product"}],"about":[{"href":"https:\/\/tadeyaart.si\/sl\/wp-json\/wp\/v2\/types\/product"}],"replies":[{"embeddable":true,"href":"https:\/\/tadeyaart.si\/sl\/wp-json\/wp\/v2\/comments?post=2330"}],"wp:featuredmedia":[{"embeddable":true,"href":"https:\/\/tadeyaart.si\/sl\/wp-json\/wp\/v2\/media\/2362"}],"wp:attachment":[{"href":"https:\/\/tadeyaart.si\/sl\/wp-json\/wp\/v2\/media?parent=2330"}],"wp:term":[{"taxonomy":"product_brand","embeddable":true,"href":"https:\/\/tadeyaart.si\/sl\/wp-json\/wp\/v2\/product_brand?post=2330"},{"taxonomy":"product_cat","embeddable":true,"href":"https:\/\/tadeyaart.si\/sl\/wp-json\/wp\/v2\/product_cat?post=2330"},{"taxonomy":"product_tag","embeddable":true,"href":"https:\/\/tadeyaart.si\/sl\/wp-json\/wp\/v2\/product_tag?post=2330"}],"curies":[{"name":"wp","href":"https:\/\/api.w.org\/{rel}","templated":true}]}}